{"id":2230,"date":"2011-08-30T06:42:42","date_gmt":"2011-08-30T06:42:42","guid":{"rendered":"https:\/\/commparlimage.ca\/garage\/herazz\/?product=alcohol-ink-mixative-snow-cap"},"modified":"2025-01-20T11:50:43","modified_gmt":"2025-01-20T16:50:43","slug":"alcohol-ink-mixative-snow-cap","status":"publish","type":"product","link":"https:\/\/www.galerie-scrapbooking.com\/en\/produit\/alcohol-ink-mixative-snow-cap\/","title":{"rendered":"Alcohol Ink Mixative Snow Cap"},"content":{"rendered":"<p>Les &#8220;Mixatives&#8221; sont des encres qui donnent des reflets m\u00e9talliques lorsqu&#8217;elles sont m\u00e9lang\u00e9es avec les Alcohol Inks, elles s\u00e8chent rapidement. Sans acide. <\/p>\n","protected":false},"excerpt":{"rendered":"<p>Alcohol Ink Mixative<\/p>\n","protected":false},"featured_media":2231,"template":"","meta":{"_acf_changed":false},"product_brand":[],"product_cat":[114,393],"product_tag":[],"class_list":{"0":"post-2230","1":"product","2":"type-product","3":"status-publish","4":"has-post-thumbnail","6":"product_cat-alcohol-ink","7":"product_cat-alcohol-ink-ranger","8":"pa_brand_nc-ranger","10":"first","11":"instock","12":"taxable","13":"shipping-taxable","14":"purchasable","15":"product-type-simple"},"acf":[],"aioseo_notices":[],"_links":{"self":[{"href":"https:\/\/www.galerie-scrapbooking.com\/en\/wp-json\/wp\/v2\/product\/2230","targetHints":{"allow":["GET"]}}],"collection":[{"href":"https:\/\/www.galerie-scrapbooking.com\/en\/wp-json\/wp\/v2\/product"}],"about":[{"href":"https:\/\/www.galerie-scrapbooking.com\/en\/wp-json\/wp\/v2\/types\/product"}],"wp:featuredmedia":[{"embeddable":true,"href":"https:\/\/www.galerie-scrapbooking.com\/en\/wp-json\/wp\/v2\/media\/2231"}],"wp:attachment":[{"href":"https:\/\/www.galerie-scrapbooking.com\/en\/wp-json\/wp\/v2\/media?parent=2230"}],"wp:term":[{"taxonomy":"product_brand","embeddable":true,"href":"https:\/\/www.galerie-scrapbooking.com\/en\/wp-json\/wp\/v2\/product_brand?post=2230"},{"taxonomy":"product_cat","embeddable":true,"href":"https:\/\/www.galerie-scrapbooking.com\/en\/wp-json\/wp\/v2\/product_cat?post=2230"},{"taxonomy":"product_tag","embeddable":true,"href":"https:\/\/www.galerie-scrapbooking.com\/en\/wp-json\/wp\/v2\/product_tag?post=2230"}],"curies":[{"name":"wp","href":"https:\/\/api.w.org\/{rel}","templated":true}]}}