{"id":2215,"date":"2011-08-15T08:15:40","date_gmt":"2011-08-15T08:15:40","guid":{"rendered":"https:\/\/commparlimage.ca\/garage\/herazz\/?product=encre-stazon-opaque-cotton-white"},"modified":"2025-10-18T14:20:53","modified_gmt":"2025-10-18T18:20:53","slug":"encre-stazon-opaque-cotton-white","status":"publish","type":"product","link":"https:\/\/www.galerie-scrapbooking.com\/en\/produit\/encre-stazon-opaque-cotton-white\/","title":{"rendered":"Encre StazOn Opaque Cotton White"},"content":{"rendered":"<h1>Encre StazOn Opaque Cotton White<\/h1>\n<p>Cette encre \u00e0 solvant \u00e0 s\u00e9chage rapide est opaque. Elle comprend un pad sans encre et une bouteille de recharge qui contient jusqu&#8217;\u00e0 3 fois plus d&#8217;encre qu&#8217;un pad ordinaire.<\/p>\n","protected":false},"excerpt":{"rendered":"<p>Encre StazOn<\/p>\n","protected":false},"featured_media":2216,"template":"","meta":{"_acf_changed":false},"product_brand":[],"product_cat":[117],"product_tag":[],"class_list":{"0":"post-2215","1":"product","2":"type-product","3":"status-publish","4":"has-post-thumbnail","6":"product_cat-stazon-encres","7":"pa_brand_nc-tsukineko","9":"first","10":"instock","11":"taxable","12":"shipping-taxable","13":"purchasable","14":"product-type-simple"},"acf":[],"aioseo_notices":[],"_links":{"self":[{"href":"https:\/\/www.galerie-scrapbooking.com\/en\/wp-json\/wp\/v2\/product\/2215","targetHints":{"allow":["GET"]}}],"collection":[{"href":"https:\/\/www.galerie-scrapbooking.com\/en\/wp-json\/wp\/v2\/product"}],"about":[{"href":"https:\/\/www.galerie-scrapbooking.com\/en\/wp-json\/wp\/v2\/types\/product"}],"wp:featuredmedia":[{"embeddable":true,"href":"https:\/\/www.galerie-scrapbooking.com\/en\/wp-json\/wp\/v2\/media\/2216"}],"wp:attachment":[{"href":"https:\/\/www.galerie-scrapbooking.com\/en\/wp-json\/wp\/v2\/media?parent=2215"}],"wp:term":[{"taxonomy":"product_brand","embeddable":true,"href":"https:\/\/www.galerie-scrapbooking.com\/en\/wp-json\/wp\/v2\/product_brand?post=2215"},{"taxonomy":"product_cat","embeddable":true,"href":"https:\/\/www.galerie-scrapbooking.com\/en\/wp-json\/wp\/v2\/product_cat?post=2215"},{"taxonomy":"product_tag","embeddable":true,"href":"https:\/\/www.galerie-scrapbooking.com\/en\/wp-json\/wp\/v2\/product_tag?post=2215"}],"curies":[{"name":"wp","href":"https:\/\/api.w.org\/{rel}","templated":true}]}}