{"id":2167,"date":"2011-06-21T13:31:21","date_gmt":"2011-06-21T13:31:21","guid":{"rendered":"https:\/\/commparlimage.ca\/garage\/herazz\/?product=sizzix-movers-shapers-magnetic-die-lock-key"},"modified":"2024-02-20T08:36:25","modified_gmt":"2024-02-20T13:36:25","slug":"sizzix-movers-shapers-magnetic-die-lock-key","status":"publish","type":"product","link":"https:\/\/www.galerie-scrapbooking.com\/en\/produit\/sizzix-movers-shapers-magnetic-die-lock-key\/","title":{"rendered":"Sizzix Movers &#038; Shapers Magnetic Die Lock &#038; Key"},"content":{"rendered":"<p>Tim Holtz pour Sizzix &#8211; Sizzix Movers &amp; Shapers Magnetic Die Set<\/p>\n<p>Doivent \u00eatre utiis\u00e9es avec la d\u00e9coupe\u00a0Tags &amp; Bookplate\u00a0(dans le petit carr\u00e9 vide) ou avec la base Sizzix.<\/p>\n","protected":false},"excerpt":{"rendered":"<p>Sizzix Movers &amp; Shapers Magnetic Die Set<\/p>\n","protected":false},"featured_media":2168,"template":"","meta":{"_acf_changed":false},"product_brand":[],"product_cat":[229,87],"product_tag":[],"class_list":{"0":"post-2167","1":"product","2":"type-product","3":"status-publish","4":"has-post-thumbnail","6":"product_cat-matrices-movers-shapers-sizzix","7":"product_cat-sizzix","8":"pa_brand_nc-sizzix","10":"first","11":"instock","12":"taxable","13":"shipping-taxable","14":"purchasable","15":"product-type-simple"},"acf":[],"aioseo_notices":[],"_links":{"self":[{"href":"https:\/\/www.galerie-scrapbooking.com\/en\/wp-json\/wp\/v2\/product\/2167","targetHints":{"allow":["GET"]}}],"collection":[{"href":"https:\/\/www.galerie-scrapbooking.com\/en\/wp-json\/wp\/v2\/product"}],"about":[{"href":"https:\/\/www.galerie-scrapbooking.com\/en\/wp-json\/wp\/v2\/types\/product"}],"wp:featuredmedia":[{"embeddable":true,"href":"https:\/\/www.galerie-scrapbooking.com\/en\/wp-json\/wp\/v2\/media\/2168"}],"wp:attachment":[{"href":"https:\/\/www.galerie-scrapbooking.com\/en\/wp-json\/wp\/v2\/media?parent=2167"}],"wp:term":[{"taxonomy":"product_brand","embeddable":true,"href":"https:\/\/www.galerie-scrapbooking.com\/en\/wp-json\/wp\/v2\/product_brand?post=2167"},{"taxonomy":"product_cat","embeddable":true,"href":"https:\/\/www.galerie-scrapbooking.com\/en\/wp-json\/wp\/v2\/product_cat?post=2167"},{"taxonomy":"product_tag","embeddable":true,"href":"https:\/\/www.galerie-scrapbooking.com\/en\/wp-json\/wp\/v2\/product_tag?post=2167"}],"curies":[{"name":"wp","href":"https:\/\/api.w.org\/{rel}","templated":true}]}}