{"id":2165,"date":"2011-06-17T10:34:55","date_gmt":"2011-06-17T10:34:55","guid":{"rendered":"https:\/\/commparlimage.ca\/garage\/herazz\/?product=rickety-house-decoupe"},"modified":"2024-02-20T08:36:31","modified_gmt":"2024-02-20T13:36:31","slug":"rickety-house-decoupe","status":"publish","type":"product","link":"https:\/\/www.galerie-scrapbooking.com\/en\/produit\/rickety-house-decoupe\/","title":{"rendered":"Rickety House D\u00e9coupe"},"content":{"rendered":"<p>Tim Holtz pour Sizzix &#8211; Matrices \u00e0 d\u00e9coupes (Dies) Rickety House<\/p>\n","protected":false},"excerpt":{"rendered":"<p>Rickety House<\/p>\n","protected":false},"featured_media":2166,"template":"","meta":{"_acf_changed":false},"product_brand":[],"product_cat":[227,87],"product_tag":[],"class_list":{"0":"post-2165","1":"product","2":"type-product","3":"status-publish","4":"has-post-thumbnail","6":"product_cat-bigz-decoupes-dies","7":"product_cat-sizzix","8":"pa_brand_nc-sizzix","10":"first","11":"instock","12":"taxable","13":"shipping-taxable","14":"purchasable","15":"product-type-simple"},"acf":[],"aioseo_notices":[],"_links":{"self":[{"href":"https:\/\/www.galerie-scrapbooking.com\/en\/wp-json\/wp\/v2\/product\/2165","targetHints":{"allow":["GET"]}}],"collection":[{"href":"https:\/\/www.galerie-scrapbooking.com\/en\/wp-json\/wp\/v2\/product"}],"about":[{"href":"https:\/\/www.galerie-scrapbooking.com\/en\/wp-json\/wp\/v2\/types\/product"}],"wp:featuredmedia":[{"embeddable":true,"href":"https:\/\/www.galerie-scrapbooking.com\/en\/wp-json\/wp\/v2\/media\/2166"}],"wp:attachment":[{"href":"https:\/\/www.galerie-scrapbooking.com\/en\/wp-json\/wp\/v2\/media?parent=2165"}],"wp:term":[{"taxonomy":"product_brand","embeddable":true,"href":"https:\/\/www.galerie-scrapbooking.com\/en\/wp-json\/wp\/v2\/product_brand?post=2165"},{"taxonomy":"product_cat","embeddable":true,"href":"https:\/\/www.galerie-scrapbooking.com\/en\/wp-json\/wp\/v2\/product_cat?post=2165"},{"taxonomy":"product_tag","embeddable":true,"href":"https:\/\/www.galerie-scrapbooking.com\/en\/wp-json\/wp\/v2\/product_tag?post=2165"}],"curies":[{"name":"wp","href":"https:\/\/api.w.org\/{rel}","templated":true}]}}