{"id":2161,"date":"2011-06-09T12:50:13","date_gmt":"2011-06-09T12:50:13","guid":{"rendered":"https:\/\/commparlimage.ca\/garage\/herazz\/?product=sizzix-on-the-edge-twigs-decoupe"},"modified":"2024-02-20T08:36:35","modified_gmt":"2024-02-20T13:36:35","slug":"twigs-decoupe","status":"publish","type":"product","link":"https:\/\/www.galerie-scrapbooking.com\/en\/produit\/twigs-decoupe\/","title":{"rendered":"Sizzix On the Edge Twigs D\u00e9coupe"},"content":{"rendered":"<p>Tim Holtz pour Sizzix &#8211; Matrices \u00e0 d\u00e9coupes (Dies) Twigs<\/p>\n","protected":false},"excerpt":{"rendered":"<p>Twigs<\/p>\n","protected":false},"featured_media":2162,"template":"","meta":{"_acf_changed":false},"product_brand":[],"product_cat":[228,87],"product_tag":[],"class_list":{"0":"post-2161","1":"product","2":"type-product","3":"status-publish","4":"has-post-thumbnail","6":"product_cat-sizzix-on-the-edge-matrices-dies","7":"product_cat-sizzix","8":"pa_brand_nc-sizzix","10":"first","11":"instock","12":"taxable","13":"shipping-taxable","14":"purchasable","15":"product-type-simple"},"acf":[],"aioseo_notices":[],"_links":{"self":[{"href":"https:\/\/www.galerie-scrapbooking.com\/en\/wp-json\/wp\/v2\/product\/2161","targetHints":{"allow":["GET"]}}],"collection":[{"href":"https:\/\/www.galerie-scrapbooking.com\/en\/wp-json\/wp\/v2\/product"}],"about":[{"href":"https:\/\/www.galerie-scrapbooking.com\/en\/wp-json\/wp\/v2\/types\/product"}],"wp:featuredmedia":[{"embeddable":true,"href":"https:\/\/www.galerie-scrapbooking.com\/en\/wp-json\/wp\/v2\/media\/2162"}],"wp:attachment":[{"href":"https:\/\/www.galerie-scrapbooking.com\/en\/wp-json\/wp\/v2\/media?parent=2161"}],"wp:term":[{"taxonomy":"product_brand","embeddable":true,"href":"https:\/\/www.galerie-scrapbooking.com\/en\/wp-json\/wp\/v2\/product_brand?post=2161"},{"taxonomy":"product_cat","embeddable":true,"href":"https:\/\/www.galerie-scrapbooking.com\/en\/wp-json\/wp\/v2\/product_cat?post=2161"},{"taxonomy":"product_tag","embeddable":true,"href":"https:\/\/www.galerie-scrapbooking.com\/en\/wp-json\/wp\/v2\/product_tag?post=2161"}],"curies":[{"name":"wp","href":"https:\/\/api.w.org\/{rel}","templated":true}]}}