{"id":2133,"date":"2011-04-15T02:40:45","date_gmt":"2011-04-15T02:40:45","guid":{"rendered":"https:\/\/commparlimage.ca\/garage\/herazz\/?product=archival-ink-cobalt"},"modified":"2020-06-10T18:35:46","modified_gmt":"2020-06-10T18:35:46","slug":"archival-ink-cobalt","status":"publish","type":"product","link":"https:\/\/www.galerie-scrapbooking.com\/en\/produit\/archival-ink-cobalt\/","title":{"rendered":"Archival Ink Cobalt"},"content":{"rendered":"<p>Avec cette encre, vous obtiendrez un r\u00e9sultat durable. Elle ne d\u00e9t\u00e9riorera pas votre papier ou vos photographies. Elle est r\u00e9sistante \u00e0 l&#8217;eau (waterproof), d&#8217;encre \u00e0 base d&#8217;eau ou de marqueurs.<\/p>\n","protected":false},"excerpt":{"rendered":"<p>Archival Ink Cobalt<\/p>\n","protected":false},"featured_media":2134,"template":"","meta":{"_acf_changed":false},"product_brand":[],"product_cat":[113],"product_tag":[],"class_list":{"0":"post-2133","1":"product","2":"type-product","3":"status-publish","4":"has-post-thumbnail","6":"product_cat-archival-ink","7":"pa_brand_nc-ranger","9":"first","10":"instock","11":"taxable","12":"shipping-taxable","13":"purchasable","14":"product-type-simple"},"acf":[],"aioseo_notices":[],"_links":{"self":[{"href":"https:\/\/www.galerie-scrapbooking.com\/en\/wp-json\/wp\/v2\/product\/2133","targetHints":{"allow":["GET"]}}],"collection":[{"href":"https:\/\/www.galerie-scrapbooking.com\/en\/wp-json\/wp\/v2\/product"}],"about":[{"href":"https:\/\/www.galerie-scrapbooking.com\/en\/wp-json\/wp\/v2\/types\/product"}],"wp:featuredmedia":[{"embeddable":true,"href":"https:\/\/www.galerie-scrapbooking.com\/en\/wp-json\/wp\/v2\/media\/2134"}],"wp:attachment":[{"href":"https:\/\/www.galerie-scrapbooking.com\/en\/wp-json\/wp\/v2\/media?parent=2133"}],"wp:term":[{"taxonomy":"product_brand","embeddable":true,"href":"https:\/\/www.galerie-scrapbooking.com\/en\/wp-json\/wp\/v2\/product_brand?post=2133"},{"taxonomy":"product_cat","embeddable":true,"href":"https:\/\/www.galerie-scrapbooking.com\/en\/wp-json\/wp\/v2\/product_cat?post=2133"},{"taxonomy":"product_tag","embeddable":true,"href":"https:\/\/www.galerie-scrapbooking.com\/en\/wp-json\/wp\/v2\/product_tag?post=2133"}],"curies":[{"name":"wp","href":"https:\/\/api.w.org\/{rel}","templated":true}]}}