{"id":2111,"date":"2011-04-08T11:09:10","date_gmt":"2011-04-08T11:09:10","guid":{"rendered":"https:\/\/commparlimage.ca\/garage\/herazz\/?product=peel-off-joyeux-noelbonne-annee-argent"},"modified":"2026-05-02T08:50:18","modified_gmt":"2026-05-02T12:50:18","slug":"peel-off-joyeux-noel-bonne-annee-argent","status":"publish","type":"product","link":"https:\/\/www.galerie-scrapbooking.com\/en\/produit\/peel-off-joyeux-noel-bonne-annee-argent\/","title":{"rendered":"Peel Off  Joyeux No\u00ebl\/Bonne Ann\u00e9e Argent"},"content":{"rendered":"<h1>Peel Off Joyeux No\u00ebl\/Bonne Ann\u00e9e Argent<\/h1>\n<p>Les Peel Offs Lettres sont utiles pour cr\u00e9er nos propres textes, soit pour mettre sur une carte ou une page de scrapbooking! Un texte personnalis\u00e9 autocollant. ! Les Peel Offs peuvent \u00eatre colori\u00e9s avec les marqueurs Craft Makers ou Identi Pen de la boutique.<\/p>\n<p>Dimensions: 10 X 23 cm. sans acide<\/p>\n","protected":false},"excerpt":{"rendered":"<p>Peel Off Lettrage<\/p>\n","protected":false},"featured_media":2112,"template":"","meta":{"_acf_changed":false},"product_brand":[],"product_cat":[159],"product_tag":[],"class_list":{"0":"post-2111","1":"product","2":"type-product","3":"status-publish","4":"has-post-thumbnail","6":"product_cat-pell-offs-mots-lettrage","7":"pa_brand_nc-doodey","9":"first","10":"instock","11":"taxable","12":"shipping-taxable","13":"purchasable","14":"product-type-simple"},"acf":[],"aioseo_notices":[],"_links":{"self":[{"href":"https:\/\/www.galerie-scrapbooking.com\/en\/wp-json\/wp\/v2\/product\/2111","targetHints":{"allow":["GET"]}}],"collection":[{"href":"https:\/\/www.galerie-scrapbooking.com\/en\/wp-json\/wp\/v2\/product"}],"about":[{"href":"https:\/\/www.galerie-scrapbooking.com\/en\/wp-json\/wp\/v2\/types\/product"}],"wp:featuredmedia":[{"embeddable":true,"href":"https:\/\/www.galerie-scrapbooking.com\/en\/wp-json\/wp\/v2\/media\/2112"}],"wp:attachment":[{"href":"https:\/\/www.galerie-scrapbooking.com\/en\/wp-json\/wp\/v2\/media?parent=2111"}],"wp:term":[{"taxonomy":"product_brand","embeddable":true,"href":"https:\/\/www.galerie-scrapbooking.com\/en\/wp-json\/wp\/v2\/product_brand?post=2111"},{"taxonomy":"product_cat","embeddable":true,"href":"https:\/\/www.galerie-scrapbooking.com\/en\/wp-json\/wp\/v2\/product_cat?post=2111"},{"taxonomy":"product_tag","embeddable":true,"href":"https:\/\/www.galerie-scrapbooking.com\/en\/wp-json\/wp\/v2\/product_tag?post=2111"}],"curies":[{"name":"wp","href":"https:\/\/api.w.org\/{rel}","templated":true}]}}