{"id":2018,"date":"2011-02-25T06:10:31","date_gmt":"2011-02-25T06:10:31","guid":{"rendered":"https:\/\/commparlimage.ca\/garage\/herazz\/?product=etampe-travel-labels"},"modified":"2024-11-20T13:10:09","modified_gmt":"2024-11-20T18:10:09","slug":"etampe-travel-labels","status":"publish","type":"product","link":"https:\/\/www.galerie-scrapbooking.com\/en\/produit\/etampe-travel-labels\/","title":{"rendered":"Tim Holtz \u00c9tampe \u00c9tiquettes de Voyage"},"content":{"rendered":"<h1>Tim Holtz \u00c9tampe \u00c9tiquettes de Voyage<\/h1>\n<p><strong>\u00c9tampes Tim Holtz<\/strong>. Viennent sur une page acrylique qui s&#8217;ins\u00e8re dans l&#8217;album de rangement pour \u00e9tampes<\/p>\n<p>Grandeur approximative: 7 X 8.5 pouces<\/p>\n","protected":false},"excerpt":{"rendered":"<p>\u00c9tampe Tim Holtz<\/p>\n","protected":false},"featured_media":2019,"template":"","meta":{"_acf_changed":false},"product_brand":[],"product_cat":[122],"product_tag":[],"class_list":{"0":"post-2018","1":"product","2":"type-product","3":"status-publish","4":"has-post-thumbnail","6":"product_cat-etampes-tim-holtz","7":"pa_brand_nc-tim-holtz","9":"first","10":"instock","11":"taxable","12":"shipping-taxable","13":"purchasable","14":"product-type-simple"},"acf":[],"aioseo_notices":[],"_links":{"self":[{"href":"https:\/\/www.galerie-scrapbooking.com\/en\/wp-json\/wp\/v2\/product\/2018","targetHints":{"allow":["GET"]}}],"collection":[{"href":"https:\/\/www.galerie-scrapbooking.com\/en\/wp-json\/wp\/v2\/product"}],"about":[{"href":"https:\/\/www.galerie-scrapbooking.com\/en\/wp-json\/wp\/v2\/types\/product"}],"wp:featuredmedia":[{"embeddable":true,"href":"https:\/\/www.galerie-scrapbooking.com\/en\/wp-json\/wp\/v2\/media\/2019"}],"wp:attachment":[{"href":"https:\/\/www.galerie-scrapbooking.com\/en\/wp-json\/wp\/v2\/media?parent=2018"}],"wp:term":[{"taxonomy":"product_brand","embeddable":true,"href":"https:\/\/www.galerie-scrapbooking.com\/en\/wp-json\/wp\/v2\/product_brand?post=2018"},{"taxonomy":"product_cat","embeddable":true,"href":"https:\/\/www.galerie-scrapbooking.com\/en\/wp-json\/wp\/v2\/product_cat?post=2018"},{"taxonomy":"product_tag","embeddable":true,"href":"https:\/\/www.galerie-scrapbooking.com\/en\/wp-json\/wp\/v2\/product_tag?post=2018"}],"curies":[{"name":"wp","href":"https:\/\/api.w.org\/{rel}","templated":true}]}}