{"id":2004,"date":"2011-02-04T11:54:35","date_gmt":"2011-02-04T11:54:35","guid":{"rendered":"https:\/\/commparlimage.ca\/garage\/herazz\/?product=ranger-mini-glossy-accents"},"modified":"2026-04-28T08:53:17","modified_gmt":"2026-04-28T12:53:17","slug":"ranger-mini-glossy-accents","status":"publish","type":"product","link":"https:\/\/www.galerie-scrapbooking.com\/en\/produit\/ranger-mini-glossy-accents\/","title":{"rendered":"Ranger Mini Glossy Accents"},"content":{"rendered":"<h1>Ranger Mini Glossy Accents<\/h1>\n<p>Le Glossy Accents est \u00e0 base d\u2019eau, il donne un lustre \u00e0 effet 3D. Le Glossy Accents accentue, apporte de la dimension sur le secteur o\u00f9 il est appliqu\u00e9 : sur une image, une page d\u2019album, couvert d\u2019album, formes \u00e9tamp\u00e9es, sur papier, etc.<\/p>\n<p>Vous pouvez vous servir du Glossy Accents comme adh\u00e9sif en l&#8217;appliquant \u00e0 l\u2019aide d\u2019un b\u00e2ton sous l\u2019embellissement.<\/p>\n<p>Bouteille de 0.5 onces<\/p>\n","protected":false},"excerpt":{"rendered":"<p>Glossy Accents mini<\/p>\n","protected":false},"featured_media":2005,"template":"","meta":{"_acf_changed":false},"product_brand":[],"product_cat":[126,45],"product_tag":[],"class_list":{"0":"post-2004","1":"product","2":"type-product","3":"status-publish","4":"has-post-thumbnail","6":"product_cat-glitter-scrapbooking-accessoires","7":"product_cat-adhesifs-autres","8":"pa_brand_nc-ranger","10":"first","11":"instock","12":"taxable","13":"shipping-taxable","14":"purchasable","15":"product-type-simple"},"acf":[],"aioseo_notices":[],"_links":{"self":[{"href":"https:\/\/www.galerie-scrapbooking.com\/en\/wp-json\/wp\/v2\/product\/2004","targetHints":{"allow":["GET"]}}],"collection":[{"href":"https:\/\/www.galerie-scrapbooking.com\/en\/wp-json\/wp\/v2\/product"}],"about":[{"href":"https:\/\/www.galerie-scrapbooking.com\/en\/wp-json\/wp\/v2\/types\/product"}],"wp:featuredmedia":[{"embeddable":true,"href":"https:\/\/www.galerie-scrapbooking.com\/en\/wp-json\/wp\/v2\/media\/2005"}],"wp:attachment":[{"href":"https:\/\/www.galerie-scrapbooking.com\/en\/wp-json\/wp\/v2\/media?parent=2004"}],"wp:term":[{"taxonomy":"product_brand","embeddable":true,"href":"https:\/\/www.galerie-scrapbooking.com\/en\/wp-json\/wp\/v2\/product_brand?post=2004"},{"taxonomy":"product_cat","embeddable":true,"href":"https:\/\/www.galerie-scrapbooking.com\/en\/wp-json\/wp\/v2\/product_cat?post=2004"},{"taxonomy":"product_tag","embeddable":true,"href":"https:\/\/www.galerie-scrapbooking.com\/en\/wp-json\/wp\/v2\/product_tag?post=2004"}],"curies":[{"name":"wp","href":"https:\/\/api.w.org\/{rel}","templated":true}]}}