{"id":1933,"date":"2010-11-12T12:31:44","date_gmt":"2010-11-12T12:31:44","guid":{"rendered":"https:\/\/commparlimage.ca\/garage\/herazz\/?product=tag-bookplates-decoupe"},"modified":"2024-02-20T08:37:30","modified_gmt":"2024-02-20T13:37:30","slug":"tag-bookplates-decoupe","status":"publish","type":"product","link":"https:\/\/www.galerie-scrapbooking.com\/en\/produit\/tag-bookplates-decoupe\/","title":{"rendered":"Tag &#038; Bookplates D\u00e9coupe"},"content":{"rendered":"<p>Tim Holtz pour Sizzix &#8211; Matrices \u00e0 d\u00e9coupes (Dies) , Grandeur approximative, hauteur: 6 pouces x largeur 3 pouces<\/p>\n<p>Attention: N\u00e9cessite des plaques de 6&#8243; X 13&#8243;<\/p>\n<p>Voir section Outils\/ Cuttlebug<\/p>\n","protected":false},"excerpt":{"rendered":"<p>Tag &amp; Bookplates<\/p>\n","protected":false},"featured_media":1934,"template":"","meta":{"_acf_changed":false},"product_brand":[],"product_cat":[229,87],"product_tag":[],"class_list":{"0":"post-1933","1":"product","2":"type-product","3":"status-publish","4":"has-post-thumbnail","6":"product_cat-matrices-movers-shapers-sizzix","7":"product_cat-sizzix","8":"pa_brand_nc-sizzix","10":"first","11":"instock","12":"taxable","13":"shipping-taxable","14":"purchasable","15":"product-type-simple"},"acf":[],"aioseo_notices":[],"_links":{"self":[{"href":"https:\/\/www.galerie-scrapbooking.com\/en\/wp-json\/wp\/v2\/product\/1933","targetHints":{"allow":["GET"]}}],"collection":[{"href":"https:\/\/www.galerie-scrapbooking.com\/en\/wp-json\/wp\/v2\/product"}],"about":[{"href":"https:\/\/www.galerie-scrapbooking.com\/en\/wp-json\/wp\/v2\/types\/product"}],"wp:featuredmedia":[{"embeddable":true,"href":"https:\/\/www.galerie-scrapbooking.com\/en\/wp-json\/wp\/v2\/media\/1934"}],"wp:attachment":[{"href":"https:\/\/www.galerie-scrapbooking.com\/en\/wp-json\/wp\/v2\/media?parent=1933"}],"wp:term":[{"taxonomy":"product_brand","embeddable":true,"href":"https:\/\/www.galerie-scrapbooking.com\/en\/wp-json\/wp\/v2\/product_brand?post=1933"},{"taxonomy":"product_cat","embeddable":true,"href":"https:\/\/www.galerie-scrapbooking.com\/en\/wp-json\/wp\/v2\/product_cat?post=1933"},{"taxonomy":"product_tag","embeddable":true,"href":"https:\/\/www.galerie-scrapbooking.com\/en\/wp-json\/wp\/v2\/product_tag?post=1933"}],"curies":[{"name":"wp","href":"https:\/\/api.w.org\/{rel}","templated":true}]}}