{"id":1906,"date":"2010-09-24T13:41:54","date_gmt":"2010-09-24T13:41:54","guid":{"rendered":"https:\/\/commparlimage.ca\/garage\/herazz\/?product=copic-xpress-blendind-card"},"modified":"2025-11-06T14:10:26","modified_gmt":"2025-11-06T19:10:26","slug":"copic-xpress-blendind-card","status":"publish","type":"product","link":"https:\/\/www.galerie-scrapbooking.com\/en\/produit\/copic-xpress-blendind-card\/","title":{"rendered":"Copic XPress Blendind card"},"content":{"rendered":"<h1>Copic XPress Blendind card<\/h1>\n<p>Vous vous servez de Copic? Vous serez heureuses de savoir que le tout<br \/>\nnouveau papier Copic XPress blending 8,5 x 11 est arriv\u00e9, un papier<br \/>\nd\u00e9velopp\u00e9 pour les marqueurs Copic, id\u00e9al pour vos \u00e9tampes et vos cartes<br \/>\ncolori\u00e9es avec vos marqueurs Copic<\/p>\n","protected":false},"excerpt":{"rendered":"<p>Copic XPress Blendind card<\/p>\n","protected":false},"featured_media":1907,"template":"","meta":{"_acf_changed":false},"product_brand":[],"product_cat":[75,143],"product_tag":[],"class_list":{"0":"post-1906","1":"product","2":"type-product","3":"status-publish","4":"has-post-thumbnail","6":"product_cat-copic-accessoires","7":"product_cat-papier-scrapbooking-autres","8":"pa_brand_nc-copic","10":"first","11":"instock","12":"taxable","13":"shipping-taxable","14":"purchasable","15":"product-type-simple"},"acf":[],"aioseo_notices":[],"_links":{"self":[{"href":"https:\/\/www.galerie-scrapbooking.com\/en\/wp-json\/wp\/v2\/product\/1906","targetHints":{"allow":["GET"]}}],"collection":[{"href":"https:\/\/www.galerie-scrapbooking.com\/en\/wp-json\/wp\/v2\/product"}],"about":[{"href":"https:\/\/www.galerie-scrapbooking.com\/en\/wp-json\/wp\/v2\/types\/product"}],"wp:featuredmedia":[{"embeddable":true,"href":"https:\/\/www.galerie-scrapbooking.com\/en\/wp-json\/wp\/v2\/media\/1907"}],"wp:attachment":[{"href":"https:\/\/www.galerie-scrapbooking.com\/en\/wp-json\/wp\/v2\/media?parent=1906"}],"wp:term":[{"taxonomy":"product_brand","embeddable":true,"href":"https:\/\/www.galerie-scrapbooking.com\/en\/wp-json\/wp\/v2\/product_brand?post=1906"},{"taxonomy":"product_cat","embeddable":true,"href":"https:\/\/www.galerie-scrapbooking.com\/en\/wp-json\/wp\/v2\/product_cat?post=1906"},{"taxonomy":"product_tag","embeddable":true,"href":"https:\/\/www.galerie-scrapbooking.com\/en\/wp-json\/wp\/v2\/product_tag?post=1906"}],"curies":[{"name":"wp","href":"https:\/\/api.w.org\/{rel}","templated":true}]}}