{"id":1902,"date":"2010-09-24T10:33:01","date_gmt":"2010-09-24T10:33:01","guid":{"rendered":"https:\/\/commparlimage.ca\/garage\/herazz\/?product=ranger-glossy-accents"},"modified":"2026-04-02T17:29:28","modified_gmt":"2026-04-02T21:29:28","slug":"ranger-glossy-accents","status":"publish","type":"product","link":"https:\/\/www.galerie-scrapbooking.com\/en\/produit\/ranger-glossy-accents\/","title":{"rendered":"Ranger Glossy Accents"},"content":{"rendered":"<h1>Ranger Glossy Accents<\/h1>\n<p>Glossy Accents est un m\u00e9dium brillant clair et tridimensionnel. Utilisez-le pour accentuer, \u00e9gayer, agrandir ou ajouter de la dimension \u00e0 des zones distinctes sur n&#8217;importe quelle page de scrapbooking, couverture d&#8217;album, image estamp\u00e9e en caoutchouc, cr\u00e9ation en papier ou projet de d\u00e9coration int\u00e9rieure.<\/p>\n<p>Utiliser sous les embellissements pour les faire adh\u00e9rer et sur le dessus pour les prot\u00e9ger et les rendre brillants.<\/p>\n<p>Sans acide et non toxique. S\u00e8che pour donner une finition dure et claire.Flacon avec embout effil\u00e9.<\/p>\n<p>Bouteille de 2 onces<\/p>\n","protected":false},"excerpt":{"rendered":"<p>Ranger Inkssentials Glossy Accents 2oz<\/p>\n","protected":false},"featured_media":32470,"template":"","meta":{"_acf_changed":false},"product_brand":[],"product_cat":[126,45],"product_tag":[],"class_list":{"0":"post-1902","1":"product","2":"type-product","3":"status-publish","4":"has-post-thumbnail","6":"product_cat-glitter-scrapbooking-accessoires","7":"product_cat-adhesifs-autres","8":"pa_brand_nc-ranger","10":"first","11":"instock","12":"taxable","13":"shipping-taxable","14":"purchasable","15":"product-type-simple"},"acf":[],"aioseo_notices":[],"_links":{"self":[{"href":"https:\/\/www.galerie-scrapbooking.com\/en\/wp-json\/wp\/v2\/product\/1902","targetHints":{"allow":["GET"]}}],"collection":[{"href":"https:\/\/www.galerie-scrapbooking.com\/en\/wp-json\/wp\/v2\/product"}],"about":[{"href":"https:\/\/www.galerie-scrapbooking.com\/en\/wp-json\/wp\/v2\/types\/product"}],"wp:featuredmedia":[{"embeddable":true,"href":"https:\/\/www.galerie-scrapbooking.com\/en\/wp-json\/wp\/v2\/media\/32470"}],"wp:attachment":[{"href":"https:\/\/www.galerie-scrapbooking.com\/en\/wp-json\/wp\/v2\/media?parent=1902"}],"wp:term":[{"taxonomy":"product_brand","embeddable":true,"href":"https:\/\/www.galerie-scrapbooking.com\/en\/wp-json\/wp\/v2\/product_brand?post=1902"},{"taxonomy":"product_cat","embeddable":true,"href":"https:\/\/www.galerie-scrapbooking.com\/en\/wp-json\/wp\/v2\/product_cat?post=1902"},{"taxonomy":"product_tag","embeddable":true,"href":"https:\/\/www.galerie-scrapbooking.com\/en\/wp-json\/wp\/v2\/product_tag?post=1902"}],"curies":[{"name":"wp","href":"https:\/\/api.w.org\/{rel}","templated":true}]}}