{"id":1896,"date":"2010-09-10T14:20:21","date_gmt":"2010-09-10T14:20:21","guid":{"rendered":"https:\/\/commparlimage.ca\/garage\/herazz\/?product=feuille-adhesive-double-face"},"modified":"2025-12-05T11:23:50","modified_gmt":"2025-12-05T16:23:50","slug":"feuille-adhesive-double-face","status":"publish","type":"product","link":"https:\/\/www.galerie-scrapbooking.com\/en\/produit\/feuille-adhesive-double-face\/","title":{"rendered":"Feuille adh\u00e9sive double face"},"content":{"rendered":"<p>Be Creative feuille adh\u00e9sive Double Face r\u00e9sistant \u00e0 la chaleur, il colle tr\u00e8s bien. Id\u00e9al pour le scrapbooking! Un adh\u00e9sif \u00e9conomique et durable!<\/p>\n<p>Dimensions: environ 9 X 11 pouces<\/p>\n","protected":false},"excerpt":{"rendered":"<p>Be Creative Feuille adh\u00e9sive<\/p>\n","protected":false},"featured_media":1897,"template":"","meta":{"_acf_changed":false},"product_brand":[],"product_cat":[43],"product_tag":[],"class_list":{"0":"post-1896","1":"product","2":"type-product","3":"status-publish","4":"has-post-thumbnail","6":"product_cat-adhesifs-double-face","7":"pa_brand_nc-be-creative","9":"first","10":"instock","11":"taxable","12":"shipping-taxable","13":"purchasable","14":"product-type-simple"},"acf":[],"aioseo_notices":[],"_links":{"self":[{"href":"https:\/\/www.galerie-scrapbooking.com\/en\/wp-json\/wp\/v2\/product\/1896","targetHints":{"allow":["GET"]}}],"collection":[{"href":"https:\/\/www.galerie-scrapbooking.com\/en\/wp-json\/wp\/v2\/product"}],"about":[{"href":"https:\/\/www.galerie-scrapbooking.com\/en\/wp-json\/wp\/v2\/types\/product"}],"wp:featuredmedia":[{"embeddable":true,"href":"https:\/\/www.galerie-scrapbooking.com\/en\/wp-json\/wp\/v2\/media\/1897"}],"wp:attachment":[{"href":"https:\/\/www.galerie-scrapbooking.com\/en\/wp-json\/wp\/v2\/media?parent=1896"}],"wp:term":[{"taxonomy":"product_brand","embeddable":true,"href":"https:\/\/www.galerie-scrapbooking.com\/en\/wp-json\/wp\/v2\/product_brand?post=1896"},{"taxonomy":"product_cat","embeddable":true,"href":"https:\/\/www.galerie-scrapbooking.com\/en\/wp-json\/wp\/v2\/product_cat?post=1896"},{"taxonomy":"product_tag","embeddable":true,"href":"https:\/\/www.galerie-scrapbooking.com\/en\/wp-json\/wp\/v2\/product_tag?post=1896"}],"curies":[{"name":"wp","href":"https:\/\/api.w.org\/{rel}","templated":true}]}}