{"id":1812,"date":"2010-08-23T04:39:59","date_gmt":"2010-08-23T04:39:59","guid":{"rendered":"https:\/\/commparlimage.ca\/garage\/herazz\/?product=peel-off-bon-anniversaire-or"},"modified":"2026-02-08T22:55:24","modified_gmt":"2026-02-09T03:55:24","slug":"peel-off-bon-anniversaire-or","status":"publish","type":"product","link":"https:\/\/www.galerie-scrapbooking.com\/en\/produit\/peel-off-bon-anniversaire-or\/","title":{"rendered":"Peel Off Bon Anniversaire Or"},"content":{"rendered":"<h1>Peel Off Bon Anniversaire Or<\/h1>\n<p>Les Peel Offs Lettres sont utiles pour cr\u00e9er nos propres textes, soit pour mettre sur une carte ou une page de scrapbooking! Un texte personnalis\u00e9 autocollant. ! Les Peel Offs peuvent \u00eatre colori\u00e9s avec les marqueurs Craft Makers ou Identi Pen de la boutique.<\/p>\n<p>Dimensions: 10 X 23 cm. sans acide<\/p>\n","protected":false},"excerpt":{"rendered":"<p>Peel Off Lettrage<\/p>\n","protected":false},"featured_media":1813,"template":"","meta":{"_acf_changed":false},"product_brand":[],"product_cat":[159],"product_tag":[],"class_list":{"0":"post-1812","1":"product","2":"type-product","3":"status-publish","4":"has-post-thumbnail","6":"product_cat-pell-offs-mots-lettrage","7":"pa_brand_nc-doodey","9":"first","10":"instock","11":"taxable","12":"shipping-taxable","13":"purchasable","14":"product-type-simple"},"acf":[],"aioseo_notices":[],"_links":{"self":[{"href":"https:\/\/www.galerie-scrapbooking.com\/en\/wp-json\/wp\/v2\/product\/1812","targetHints":{"allow":["GET"]}}],"collection":[{"href":"https:\/\/www.galerie-scrapbooking.com\/en\/wp-json\/wp\/v2\/product"}],"about":[{"href":"https:\/\/www.galerie-scrapbooking.com\/en\/wp-json\/wp\/v2\/types\/product"}],"wp:featuredmedia":[{"embeddable":true,"href":"https:\/\/www.galerie-scrapbooking.com\/en\/wp-json\/wp\/v2\/media\/1813"}],"wp:attachment":[{"href":"https:\/\/www.galerie-scrapbooking.com\/en\/wp-json\/wp\/v2\/media?parent=1812"}],"wp:term":[{"taxonomy":"product_brand","embeddable":true,"href":"https:\/\/www.galerie-scrapbooking.com\/en\/wp-json\/wp\/v2\/product_brand?post=1812"},{"taxonomy":"product_cat","embeddable":true,"href":"https:\/\/www.galerie-scrapbooking.com\/en\/wp-json\/wp\/v2\/product_cat?post=1812"},{"taxonomy":"product_tag","embeddable":true,"href":"https:\/\/www.galerie-scrapbooking.com\/en\/wp-json\/wp\/v2\/product_tag?post=1812"}],"curies":[{"name":"wp","href":"https:\/\/api.w.org\/{rel}","templated":true}]}}