{"id":1743,"date":"2010-08-19T05:13:46","date_gmt":"2010-08-19T05:13:46","guid":{"rendered":"https:\/\/commparlimage.ca\/garage\/herazz\/?product=poincon-ek-success-bordure-heart-chain"},"modified":"2024-02-23T21:15:08","modified_gmt":"2024-02-24T02:15:08","slug":"poincon-ek-success-bordure-heart-chain","status":"publish","type":"product","link":"https:\/\/www.galerie-scrapbooking.com\/en\/produit\/poincon-ek-success-bordure-heart-chain\/","title":{"rendered":"Poin\u00e7on EK Success Bordure Heart Chain"},"content":{"rendered":"<p>La collection de perforatrices EK Success est tr\u00e8s aim\u00e9e par les scrapbookeuses car elles sont de qualit\u00e9 et il existe un nombreux choix de formes et de tailles disponibles.<\/p>\n","protected":false},"excerpt":{"rendered":"<p>EK Success Perforatrices<\/p>\n","protected":false},"featured_media":1744,"template":"","meta":{"_acf_changed":false},"product_brand":[],"product_cat":[147,88,389],"product_tag":[],"class_list":{"0":"post-1743","1":"product","2":"type-product","3":"status-publish","4":"has-post-thumbnail","6":"product_cat-ek-poincon-bordure","7":"product_cat-perforatrice-eksuccess","8":"product_cat-outil-ek-success","9":"pa_brand_nc-ek-success","11":"first","12":"instock","13":"taxable","14":"shipping-taxable","15":"purchasable","16":"product-type-simple"},"acf":[],"aioseo_notices":[],"_links":{"self":[{"href":"https:\/\/www.galerie-scrapbooking.com\/en\/wp-json\/wp\/v2\/product\/1743","targetHints":{"allow":["GET"]}}],"collection":[{"href":"https:\/\/www.galerie-scrapbooking.com\/en\/wp-json\/wp\/v2\/product"}],"about":[{"href":"https:\/\/www.galerie-scrapbooking.com\/en\/wp-json\/wp\/v2\/types\/product"}],"wp:featuredmedia":[{"embeddable":true,"href":"https:\/\/www.galerie-scrapbooking.com\/en\/wp-json\/wp\/v2\/media\/1744"}],"wp:attachment":[{"href":"https:\/\/www.galerie-scrapbooking.com\/en\/wp-json\/wp\/v2\/media?parent=1743"}],"wp:term":[{"taxonomy":"product_brand","embeddable":true,"href":"https:\/\/www.galerie-scrapbooking.com\/en\/wp-json\/wp\/v2\/product_brand?post=1743"},{"taxonomy":"product_cat","embeddable":true,"href":"https:\/\/www.galerie-scrapbooking.com\/en\/wp-json\/wp\/v2\/product_cat?post=1743"},{"taxonomy":"product_tag","embeddable":true,"href":"https:\/\/www.galerie-scrapbooking.com\/en\/wp-json\/wp\/v2\/product_tag?post=1743"}],"curies":[{"name":"wp","href":"https:\/\/api.w.org\/{rel}","templated":true}]}}