{"id":1741,"date":"2010-08-19T04:38:34","date_gmt":"2010-08-19T04:38:34","guid":{"rendered":"https:\/\/commparlimage.ca\/garage\/herazz\/?product=poincon-ek-success-petit-cercle-12"},"modified":"2025-11-03T17:00:27","modified_gmt":"2025-11-03T22:00:27","slug":"poincon-ek-success-petit-cercle-1-2","status":"publish","type":"product","link":"https:\/\/www.galerie-scrapbooking.com\/en\/produit\/poincon-ek-success-petit-cercle-1-2\/","title":{"rendered":"Poin\u00e7on EK Success Petit Cercle 1\/2"},"content":{"rendered":"<p>La collection de perforatrices EK Success est tr\u00e8s aim\u00e9e par les scrapbookeuses car elles sont de qualit\u00e9 et il existe un nombreux choix de formes et de tailles disponibles.<\/p>\n","protected":false},"excerpt":{"rendered":"<p>EK Success Perforatrices<\/p>\n","protected":false},"featured_media":1742,"template":"","meta":{"_acf_changed":false},"product_brand":[],"product_cat":[145,88,389],"product_tag":[],"class_list":{"0":"post-1741","1":"product","2":"type-product","3":"status-publish","4":"has-post-thumbnail","6":"product_cat-ek-poincon-petit","7":"product_cat-perforatrice-eksuccess","8":"product_cat-outil-ek-success","9":"pa_brand_nc-ek-success","11":"first","12":"instock","13":"taxable","14":"shipping-taxable","15":"purchasable","16":"product-type-simple"},"acf":[],"aioseo_notices":[],"_links":{"self":[{"href":"https:\/\/www.galerie-scrapbooking.com\/en\/wp-json\/wp\/v2\/product\/1741","targetHints":{"allow":["GET"]}}],"collection":[{"href":"https:\/\/www.galerie-scrapbooking.com\/en\/wp-json\/wp\/v2\/product"}],"about":[{"href":"https:\/\/www.galerie-scrapbooking.com\/en\/wp-json\/wp\/v2\/types\/product"}],"wp:featuredmedia":[{"embeddable":true,"href":"https:\/\/www.galerie-scrapbooking.com\/en\/wp-json\/wp\/v2\/media\/1742"}],"wp:attachment":[{"href":"https:\/\/www.galerie-scrapbooking.com\/en\/wp-json\/wp\/v2\/media?parent=1741"}],"wp:term":[{"taxonomy":"product_brand","embeddable":true,"href":"https:\/\/www.galerie-scrapbooking.com\/en\/wp-json\/wp\/v2\/product_brand?post=1741"},{"taxonomy":"product_cat","embeddable":true,"href":"https:\/\/www.galerie-scrapbooking.com\/en\/wp-json\/wp\/v2\/product_cat?post=1741"},{"taxonomy":"product_tag","embeddable":true,"href":"https:\/\/www.galerie-scrapbooking.com\/en\/wp-json\/wp\/v2\/product_tag?post=1741"}],"curies":[{"name":"wp","href":"https:\/\/api.w.org\/{rel}","templated":true}]}}