{"id":1679,"date":"2010-08-08T13:47:18","date_gmt":"2010-08-08T13:47:18","guid":{"rendered":"https:\/\/commparlimage.ca\/garage\/herazz\/?product=crop-a-dile-kit"},"modified":"2025-11-28T10:22:55","modified_gmt":"2025-11-28T15:22:55","slug":"crop-a-dile-kit","status":"publish","type":"product","link":"https:\/\/www.galerie-scrapbooking.com\/en\/produit\/crop-a-dile-kit\/","title":{"rendered":"Crop-A-Dile Kit"},"content":{"rendered":"<h1>Crop-A-Dile Kit<\/h1>\n<p>Le kit comprend l&#8217;outil pour \u0153illets Crop-A-Dile, un \u00e9tui de transport de 15,2 x 21,6 x 3,2 cm et 100 \u0153illets.<\/p>\n<p>C&#8217;est une centrale de puissance pour couper le papier, le papier cartonn\u00e9, le carton \u00e9pais, l&#8217;\u00e9tain fin, le plastique et plus encore.<\/p>\n<p>Poin\u00e7ons. Trous de 125&#8243; et .1875&#8243; ainsi que des ensembles d&#8217;\u0153illets et de boutons-pression. Comprend un guide de r\u00e9glage coulissant en pouces et en centim\u00e8tres pour un espacement pr\u00e9cis.<\/p>\n","protected":false},"excerpt":{"rendered":"<p>Crop-A-Dile Kit<\/p>\n","protected":false},"featured_media":1680,"template":"","meta":{"_acf_changed":false},"product_brand":[],"product_cat":[133,104,385],"product_tag":[],"class_list":{"0":"post-1679","1":"product","2":"type-product","3":"status-publish","4":"has-post-thumbnail","6":"product_cat-perforatrices-scrapbooking-autres","7":"product_cat-oeillet-brad-scrapbooking","8":"product_cat-we-r-memory-keepers","9":"pa_brand_nc-we-r-memory-keepers","11":"first","12":"outofstock","13":"taxable","14":"shipping-taxable","15":"purchasable","16":"product-type-simple"},"acf":[],"aioseo_notices":[],"_links":{"self":[{"href":"https:\/\/www.galerie-scrapbooking.com\/en\/wp-json\/wp\/v2\/product\/1679","targetHints":{"allow":["GET"]}}],"collection":[{"href":"https:\/\/www.galerie-scrapbooking.com\/en\/wp-json\/wp\/v2\/product"}],"about":[{"href":"https:\/\/www.galerie-scrapbooking.com\/en\/wp-json\/wp\/v2\/types\/product"}],"wp:featuredmedia":[{"embeddable":true,"href":"https:\/\/www.galerie-scrapbooking.com\/en\/wp-json\/wp\/v2\/media\/1680"}],"wp:attachment":[{"href":"https:\/\/www.galerie-scrapbooking.com\/en\/wp-json\/wp\/v2\/media?parent=1679"}],"wp:term":[{"taxonomy":"product_brand","embeddable":true,"href":"https:\/\/www.galerie-scrapbooking.com\/en\/wp-json\/wp\/v2\/product_brand?post=1679"},{"taxonomy":"product_cat","embeddable":true,"href":"https:\/\/www.galerie-scrapbooking.com\/en\/wp-json\/wp\/v2\/product_cat?post=1679"},{"taxonomy":"product_tag","embeddable":true,"href":"https:\/\/www.galerie-scrapbooking.com\/en\/wp-json\/wp\/v2\/product_tag?post=1679"}],"curies":[{"name":"wp","href":"https:\/\/api.w.org\/{rel}","templated":true}]}}