{"id":1623,"date":"2010-08-04T04:05:03","date_gmt":"2010-08-04T04:05:03","guid":{"rendered":"https:\/\/commparlimage.ca\/garage\/herazz\/?product=art-glitter-tip-en-metal"},"modified":"2025-09-15T18:38:05","modified_gmt":"2025-09-15T22:38:05","slug":"art-glitter-tip-en-metal","status":"publish","type":"product","link":"https:\/\/www.galerie-scrapbooking.com\/en\/produit\/art-glitter-tip-en-metal\/","title":{"rendered":"Art Glitter Tip en m\u00e9tal"},"content":{"rendered":"<p>La pointe m\u00e9tallique ultrafine pour les adh\u00e9sifs Art Glitter en autre est n\u00e9cessaire pour une application pr\u00e9cise et une \u00e9criture fine avec de l&#8217;adh\u00e9sif.<\/p>\n<p>Aide \u00e0 obtenir une ligne contr\u00f4l\u00e9e et pr\u00e9cise. Il suffit de le fixer \u00e0 la bouteille pour une pr\u00e9cision fine \u00e0 chaque fois !<\/p>\n","protected":false},"excerpt":{"rendered":"<p>Tip en m\u00e9tal<\/p>\n","protected":false},"featured_media":32244,"template":"","meta":{"_acf_changed":false},"product_brand":[],"product_cat":[126,45],"product_tag":[],"class_list":{"0":"post-1623","1":"product","2":"type-product","3":"status-publish","4":"has-post-thumbnail","6":"product_cat-glitter-scrapbooking-accessoires","7":"product_cat-adhesifs-autres","8":"pa_brand_nc-art-glitter","10":"first","11":"instock","12":"taxable","13":"shipping-taxable","14":"purchasable","15":"product-type-simple"},"acf":[],"aioseo_notices":[],"_links":{"self":[{"href":"https:\/\/www.galerie-scrapbooking.com\/en\/wp-json\/wp\/v2\/product\/1623","targetHints":{"allow":["GET"]}}],"collection":[{"href":"https:\/\/www.galerie-scrapbooking.com\/en\/wp-json\/wp\/v2\/product"}],"about":[{"href":"https:\/\/www.galerie-scrapbooking.com\/en\/wp-json\/wp\/v2\/types\/product"}],"wp:featuredmedia":[{"embeddable":true,"href":"https:\/\/www.galerie-scrapbooking.com\/en\/wp-json\/wp\/v2\/media\/32244"}],"wp:attachment":[{"href":"https:\/\/www.galerie-scrapbooking.com\/en\/wp-json\/wp\/v2\/media?parent=1623"}],"wp:term":[{"taxonomy":"product_brand","embeddable":true,"href":"https:\/\/www.galerie-scrapbooking.com\/en\/wp-json\/wp\/v2\/product_brand?post=1623"},{"taxonomy":"product_cat","embeddable":true,"href":"https:\/\/www.galerie-scrapbooking.com\/en\/wp-json\/wp\/v2\/product_cat?post=1623"},{"taxonomy":"product_tag","embeddable":true,"href":"https:\/\/www.galerie-scrapbooking.com\/en\/wp-json\/wp\/v2\/product_tag?post=1623"}],"curies":[{"name":"wp","href":"https:\/\/api.w.org\/{rel}","templated":true}]}}