{"id":1583,"date":"2010-08-02T04:59:54","date_gmt":"2010-08-02T04:59:54","guid":{"rendered":"https:\/\/commparlimage.ca\/garage\/herazz\/?product=nettoyeur-pour-etampe"},"modified":"2025-07-04T07:40:25","modified_gmt":"2025-07-04T11:40:25","slug":"nettoyeur-pour-etampe","status":"publish","type":"product","link":"https:\/\/www.galerie-scrapbooking.com\/en\/produit\/nettoyeur-pour-etampe\/","title":{"rendered":"StazOn Nettoyeur pour \u00c9tampe"},"content":{"rendered":"<h1>StazOn Nettoyeur pour \u00c9tampe<\/h1>\n<p>Gardez vos \u00e9tampes propres gr\u00e2ce \u00e0 ce nettoyant tout usage !<\/p>\n<p>Parfait pour les encres \u00e0 base de colorants, de pigments, de loisirs cr\u00e9atifs et de solvants. Frottez simplement la pointe contre l&#8217;\u00e9tampe, essuyez et r\u00e9p\u00e9tez l&#8217;op\u00e9ration pour les taches tenaces.<\/p>\n<p>Ce paquet contient 60 ml de nettoyant tout usage avec un tampon applicateur.<\/p>\n","protected":false},"excerpt":{"rendered":"<p>StazOn All-Purpose Cleaner 2oz Dauber<\/p>\n","protected":false},"featured_media":1584,"template":"","meta":{"_acf_changed":false},"product_brand":[],"product_cat":[123,115],"product_tag":[],"class_list":{"0":"post-1583","1":"product","2":"type-product","3":"status-publish","4":"has-post-thumbnail","6":"product_cat-etampe-scrapbooking-accessoires","7":"product_cat-encres-accessoires","8":"pa_brand_nc-tsukineko","10":"first","11":"instock","12":"taxable","13":"shipping-taxable","14":"purchasable","15":"product-type-simple"},"acf":[],"aioseo_notices":[],"_links":{"self":[{"href":"https:\/\/www.galerie-scrapbooking.com\/en\/wp-json\/wp\/v2\/product\/1583","targetHints":{"allow":["GET"]}}],"collection":[{"href":"https:\/\/www.galerie-scrapbooking.com\/en\/wp-json\/wp\/v2\/product"}],"about":[{"href":"https:\/\/www.galerie-scrapbooking.com\/en\/wp-json\/wp\/v2\/types\/product"}],"wp:featuredmedia":[{"embeddable":true,"href":"https:\/\/www.galerie-scrapbooking.com\/en\/wp-json\/wp\/v2\/media\/1584"}],"wp:attachment":[{"href":"https:\/\/www.galerie-scrapbooking.com\/en\/wp-json\/wp\/v2\/media?parent=1583"}],"wp:term":[{"taxonomy":"product_brand","embeddable":true,"href":"https:\/\/www.galerie-scrapbooking.com\/en\/wp-json\/wp\/v2\/product_brand?post=1583"},{"taxonomy":"product_cat","embeddable":true,"href":"https:\/\/www.galerie-scrapbooking.com\/en\/wp-json\/wp\/v2\/product_cat?post=1583"},{"taxonomy":"product_tag","embeddable":true,"href":"https:\/\/www.galerie-scrapbooking.com\/en\/wp-json\/wp\/v2\/product_tag?post=1583"}],"curies":[{"name":"wp","href":"https:\/\/api.w.org\/{rel}","templated":true}]}}