{"id":1567,"date":"2010-07-29T05:32:59","date_gmt":"2010-07-29T05:32:59","guid":{"rendered":"https:\/\/commparlimage.ca\/garage\/herazz\/?product=encre-versacolor-the-vert"},"modified":"2023-12-24T10:54:01","modified_gmt":"2023-12-24T15:54:01","slug":"encre-versacolor-the-vert","status":"publish","type":"product","link":"https:\/\/www.galerie-scrapbooking.com\/en\/produit\/encre-versacolor-the-vert\/","title":{"rendered":"Encre Versacolor Th\u00e9 Vert"},"content":{"rendered":"<p>Les cubes d&#8217;encre \u00e0 pigment (sans acide) Versacolor sont id\u00e9als pour donner un aspect h\u00e9ritage, vieillot \u00e0 votre page de scrapbooking,!<\/p>\n","protected":false},"excerpt":{"rendered":"<p>Encre Versacolor<\/p>\n","protected":false},"featured_media":1568,"template":"","meta":{"_acf_changed":false},"product_brand":[],"product_cat":[118],"product_tag":[],"class_list":{"0":"post-1567","1":"product","2":"type-product","3":"status-publish","4":"has-post-thumbnail","6":"product_cat-versacolor-encres","7":"pa_brand_nc-tsukineko","9":"first","10":"instock","11":"taxable","12":"shipping-taxable","13":"purchasable","14":"product-type-simple"},"acf":[],"aioseo_notices":[],"_links":{"self":[{"href":"https:\/\/www.galerie-scrapbooking.com\/en\/wp-json\/wp\/v2\/product\/1567","targetHints":{"allow":["GET"]}}],"collection":[{"href":"https:\/\/www.galerie-scrapbooking.com\/en\/wp-json\/wp\/v2\/product"}],"about":[{"href":"https:\/\/www.galerie-scrapbooking.com\/en\/wp-json\/wp\/v2\/types\/product"}],"wp:featuredmedia":[{"embeddable":true,"href":"https:\/\/www.galerie-scrapbooking.com\/en\/wp-json\/wp\/v2\/media\/1568"}],"wp:attachment":[{"href":"https:\/\/www.galerie-scrapbooking.com\/en\/wp-json\/wp\/v2\/media?parent=1567"}],"wp:term":[{"taxonomy":"product_brand","embeddable":true,"href":"https:\/\/www.galerie-scrapbooking.com\/en\/wp-json\/wp\/v2\/product_brand?post=1567"},{"taxonomy":"product_cat","embeddable":true,"href":"https:\/\/www.galerie-scrapbooking.com\/en\/wp-json\/wp\/v2\/product_cat?post=1567"},{"taxonomy":"product_tag","embeddable":true,"href":"https:\/\/www.galerie-scrapbooking.com\/en\/wp-json\/wp\/v2\/product_tag?post=1567"}],"curies":[{"name":"wp","href":"https:\/\/api.w.org\/{rel}","templated":true}]}}