{"id":1539,"date":"2010-07-29T03:25:28","date_gmt":"2010-07-29T03:25:28","guid":{"rendered":"https:\/\/commparlimage.ca\/garage\/herazz\/?product=archival-ink-jet-black"},"modified":"2023-04-12T10:43:09","modified_gmt":"2023-04-12T10:43:09","slug":"archival-ink-jet-black","status":"publish","type":"product","link":"https:\/\/www.galerie-scrapbooking.com\/en\/produit\/archival-ink-jet-black\/","title":{"rendered":"Archival Ink Jet Black"},"content":{"rendered":"<p>Avec cette encre, vous obtiendrez un r\u00e9sultat durable. Elle ne d\u00e9t\u00e9riorera pas votre papier ou vos photographies. Elle est r\u00e9sistante \u00e0 l&#8217;eau (waterproof), d&#8217;encre \u00e0 base d&#8217;eau ou de marqueurs.<\/p>\n","protected":false},"excerpt":{"rendered":"<p>Archival Ink Noire<\/p>\n","protected":false},"featured_media":1540,"template":"","meta":{"_acf_changed":false},"product_brand":[],"product_cat":[113],"product_tag":[],"class_list":{"0":"post-1539","1":"product","2":"type-product","3":"status-publish","4":"has-post-thumbnail","6":"product_cat-archival-ink","7":"pa_brand_nc-ranger","9":"first","10":"instock","11":"taxable","12":"shipping-taxable","13":"purchasable","14":"product-type-simple"},"acf":[],"aioseo_notices":[],"_links":{"self":[{"href":"https:\/\/www.galerie-scrapbooking.com\/en\/wp-json\/wp\/v2\/product\/1539","targetHints":{"allow":["GET"]}}],"collection":[{"href":"https:\/\/www.galerie-scrapbooking.com\/en\/wp-json\/wp\/v2\/product"}],"about":[{"href":"https:\/\/www.galerie-scrapbooking.com\/en\/wp-json\/wp\/v2\/types\/product"}],"wp:featuredmedia":[{"embeddable":true,"href":"https:\/\/www.galerie-scrapbooking.com\/en\/wp-json\/wp\/v2\/media\/1540"}],"wp:attachment":[{"href":"https:\/\/www.galerie-scrapbooking.com\/en\/wp-json\/wp\/v2\/media?parent=1539"}],"wp:term":[{"taxonomy":"product_brand","embeddable":true,"href":"https:\/\/www.galerie-scrapbooking.com\/en\/wp-json\/wp\/v2\/product_brand?post=1539"},{"taxonomy":"product_cat","embeddable":true,"href":"https:\/\/www.galerie-scrapbooking.com\/en\/wp-json\/wp\/v2\/product_cat?post=1539"},{"taxonomy":"product_tag","embeddable":true,"href":"https:\/\/www.galerie-scrapbooking.com\/en\/wp-json\/wp\/v2\/product_tag?post=1539"}],"curies":[{"name":"wp","href":"https:\/\/api.w.org\/{rel}","templated":true}]}}