{"id":1531,"date":"2010-07-29T03:08:45","date_gmt":"2010-07-29T03:08:45","guid":{"rendered":"https:\/\/commparlimage.ca\/garage\/herazz\/?product=alcohol-ink-mixative-cuivre"},"modified":"2025-02-24T10:26:55","modified_gmt":"2025-02-24T15:26:55","slug":"alcohol-ink-mixative-cuivre","status":"publish","type":"product","link":"https:\/\/www.galerie-scrapbooking.com\/en\/produit\/alcohol-ink-mixative-cuivre\/","title":{"rendered":"Alcohol Ink Mixative Cuivre"},"content":{"rendered":"<h1>Alcohol Ink Mixative Cuivre<\/h1>\n<p>Les &#8220;Mixatives&#8221; sont des encres qui donnent des reflets m\u00e9talliques lorsqu&#8217;elles sont m\u00e9lang\u00e9es avec les Alcohol Inks, elles s\u00e8chent rapidement. Sans acide.<\/p>\n","protected":false},"excerpt":{"rendered":"<p>Alcohol Ink Mixative<\/p>\n","protected":false},"featured_media":1532,"template":"","meta":{"_acf_changed":false},"product_brand":[],"product_cat":[114,393],"product_tag":[],"class_list":{"0":"post-1531","1":"product","2":"type-product","3":"status-publish","4":"has-post-thumbnail","6":"product_cat-alcohol-ink","7":"product_cat-alcohol-ink-ranger","8":"pa_brand_nc-ranger","10":"first","11":"instock","12":"taxable","13":"shipping-taxable","14":"purchasable","15":"product-type-simple"},"acf":[],"aioseo_notices":[],"_links":{"self":[{"href":"https:\/\/www.galerie-scrapbooking.com\/en\/wp-json\/wp\/v2\/product\/1531","targetHints":{"allow":["GET"]}}],"collection":[{"href":"https:\/\/www.galerie-scrapbooking.com\/en\/wp-json\/wp\/v2\/product"}],"about":[{"href":"https:\/\/www.galerie-scrapbooking.com\/en\/wp-json\/wp\/v2\/types\/product"}],"wp:featuredmedia":[{"embeddable":true,"href":"https:\/\/www.galerie-scrapbooking.com\/en\/wp-json\/wp\/v2\/media\/1532"}],"wp:attachment":[{"href":"https:\/\/www.galerie-scrapbooking.com\/en\/wp-json\/wp\/v2\/media?parent=1531"}],"wp:term":[{"taxonomy":"product_brand","embeddable":true,"href":"https:\/\/www.galerie-scrapbooking.com\/en\/wp-json\/wp\/v2\/product_brand?post=1531"},{"taxonomy":"product_cat","embeddable":true,"href":"https:\/\/www.galerie-scrapbooking.com\/en\/wp-json\/wp\/v2\/product_cat?post=1531"},{"taxonomy":"product_tag","embeddable":true,"href":"https:\/\/www.galerie-scrapbooking.com\/en\/wp-json\/wp\/v2\/product_tag?post=1531"}],"curies":[{"name":"wp","href":"https:\/\/api.w.org\/{rel}","templated":true}]}}