{"id":1489,"date":"2010-07-26T04:27:09","date_gmt":"2010-07-26T04:27:09","guid":{"rendered":"https:\/\/commparlimage.ca\/garage\/herazz\/?product=ranger-outil-chauffant"},"modified":"2026-04-29T09:36:41","modified_gmt":"2026-04-29T13:36:41","slug":"ranger-outil-chauffant","status":"publish","type":"product","link":"https:\/\/www.galerie-scrapbooking.com\/en\/produit\/ranger-outil-chauffant\/","title":{"rendered":"Ranger Outil Chauffant"},"content":{"rendered":"<h1>Ranger Outil Chauffant<\/h1>\n<p>Un l\u00e9ger flux d&#8217;air maintient vos poudres en place ! C&#8217;est silencieux, ergonomique, rapide et s\u00fbr !<\/p>\n<p>Cet outil est id\u00e9al pour durcir les poudres de gaufrage, le plastique r\u00e9tractable et les encres, colles et peintures \u00e0 s\u00e9chage rapide.<\/p>\n<p>Utilisez-le pour tous vos besoins de chauffage artisanal !<\/p>\n","protected":false},"excerpt":{"rendered":"<p>Heat It Craft Tool<\/p>\n","protected":false},"featured_media":1490,"template":"","meta":{"_acf_changed":false},"product_brand":[],"product_cat":[306,111],"product_tag":[],"class_list":{"0":"post-1489","1":"product","2":"type-product","3":"status-publish","4":"has-post-thumbnail","6":"product_cat-accessoire-embossage","7":"product_cat-embossage-scrapbooking","8":"pa_brand_nc-ranger","10":"first","11":"instock","12":"taxable","13":"shipping-taxable","14":"purchasable","15":"product-type-simple"},"acf":[],"aioseo_notices":[],"_links":{"self":[{"href":"https:\/\/www.galerie-scrapbooking.com\/en\/wp-json\/wp\/v2\/product\/1489","targetHints":{"allow":["GET"]}}],"collection":[{"href":"https:\/\/www.galerie-scrapbooking.com\/en\/wp-json\/wp\/v2\/product"}],"about":[{"href":"https:\/\/www.galerie-scrapbooking.com\/en\/wp-json\/wp\/v2\/types\/product"}],"wp:featuredmedia":[{"embeddable":true,"href":"https:\/\/www.galerie-scrapbooking.com\/en\/wp-json\/wp\/v2\/media\/1490"}],"wp:attachment":[{"href":"https:\/\/www.galerie-scrapbooking.com\/en\/wp-json\/wp\/v2\/media?parent=1489"}],"wp:term":[{"taxonomy":"product_brand","embeddable":true,"href":"https:\/\/www.galerie-scrapbooking.com\/en\/wp-json\/wp\/v2\/product_brand?post=1489"},{"taxonomy":"product_cat","embeddable":true,"href":"https:\/\/www.galerie-scrapbooking.com\/en\/wp-json\/wp\/v2\/product_cat?post=1489"},{"taxonomy":"product_tag","embeddable":true,"href":"https:\/\/www.galerie-scrapbooking.com\/en\/wp-json\/wp\/v2\/product_tag?post=1489"}],"curies":[{"name":"wp","href":"https:\/\/api.w.org\/{rel}","templated":true}]}}