{"id":1308,"date":"2010-07-16T06:42:51","date_gmt":"2010-07-16T06:42:51","guid":{"rendered":"https:\/\/commparlimage.ca\/garage\/herazz\/?product=crayon-estompe"},"modified":"2026-01-06T13:38:10","modified_gmt":"2026-01-06T18:38:10","slug":"crayon-estompe","status":"publish","type":"product","link":"https:\/\/www.galerie-scrapbooking.com\/en\/produit\/crayon-estompe\/","title":{"rendered":"Crayon Estompe"},"content":{"rendered":"<p>Le crayon estompe ou marqueur sans couleur et humide sert &agrave; estomper la couleur du trait fait au crayon aquarelle.<\/p>\n<p>&nbsp;Le crayon estompe poss&egrave;de deux pointes (une &agrave; chaque extremit&eacute;) et se nettoie facilement.<\/p>\n<p>Se servir du Crayon Estompe pour \u00e9tendre (\u00e9tirer) la couleur, voir la technique dans la section: Id\u00e9es et Trucs, du menu<\/p>\n","protected":false},"excerpt":{"rendered":"<p>Tombow Crayon estompe<\/p>\n","protected":false},"featured_media":1309,"template":"","meta":{"_acf_changed":false},"product_brand":[],"product_cat":[79],"product_tag":[],"class_list":{"0":"post-1308","1":"product","2":"type-product","3":"status-publish","4":"has-post-thumbnail","6":"product_cat-crayon-aquarelle","7":"pa_brand_nc-tombow","9":"first","10":"instock","11":"taxable","12":"shipping-taxable","13":"purchasable","14":"product-type-simple"},"acf":[],"aioseo_notices":[],"_links":{"self":[{"href":"https:\/\/www.galerie-scrapbooking.com\/en\/wp-json\/wp\/v2\/product\/1308","targetHints":{"allow":["GET"]}}],"collection":[{"href":"https:\/\/www.galerie-scrapbooking.com\/en\/wp-json\/wp\/v2\/product"}],"about":[{"href":"https:\/\/www.galerie-scrapbooking.com\/en\/wp-json\/wp\/v2\/types\/product"}],"wp:featuredmedia":[{"embeddable":true,"href":"https:\/\/www.galerie-scrapbooking.com\/en\/wp-json\/wp\/v2\/media\/1309"}],"wp:attachment":[{"href":"https:\/\/www.galerie-scrapbooking.com\/en\/wp-json\/wp\/v2\/media?parent=1308"}],"wp:term":[{"taxonomy":"product_brand","embeddable":true,"href":"https:\/\/www.galerie-scrapbooking.com\/en\/wp-json\/wp\/v2\/product_brand?post=1308"},{"taxonomy":"product_cat","embeddable":true,"href":"https:\/\/www.galerie-scrapbooking.com\/en\/wp-json\/wp\/v2\/product_cat?post=1308"},{"taxonomy":"product_tag","embeddable":true,"href":"https:\/\/www.galerie-scrapbooking.com\/en\/wp-json\/wp\/v2\/product_tag?post=1308"}],"curies":[{"name":"wp","href":"https:\/\/api.w.org\/{rel}","templated":true}]}}