{"id":1294,"date":"2010-07-16T03:33:17","date_gmt":"2010-07-16T03:33:17","guid":{"rendered":"https:\/\/commparlimage.ca\/garage\/herazz\/?product=identi-pen-orange"},"modified":"2024-04-22T15:18:45","modified_gmt":"2024-04-22T19:18:45","slug":"identi-pen-orange","status":"publish","type":"product","link":"https:\/\/www.galerie-scrapbooking.com\/en\/produit\/identi-pen-orange\/","title":{"rendered":"Identi Pen Orange"},"content":{"rendered":"<p>L&#8217;Identi Pen de Sakura a un marqueur \u00e0 pointe fine sur une extr\u00e9mit\u00e9 et extra fin \u00e0 l&#8217;autre bout. Ce stylo \u00e9crira sur pratiquement n&#8217;importe quoi. Employez-le sur le tissu, le m\u00e9tal, le verre, la c\u00e9ramique, le caoutchouc, le cuir, les photographies, etc. Il est permanent sur la plupart des surfaces et imperm\u00e9able \u00e0 l&#8217;eau. <\/p>\n","protected":false},"excerpt":{"rendered":"<p>Identi Pen orange. Ideals pour les Peel&#8217;s Off, ac\u00e9tates, surfaces lisses<\/p>\n","protected":false},"featured_media":1295,"template":"","meta":{"_acf_changed":false},"product_brand":[],"product_cat":[77],"product_tag":[],"class_list":{"0":"post-1294","1":"product","2":"type-product","3":"status-publish","4":"has-post-thumbnail","6":"product_cat-marqueurs-scrapbooking","7":"pa_brand_nc-sakura","9":"first","10":"instock","11":"taxable","12":"shipping-taxable","13":"purchasable","14":"product-type-simple"},"acf":[],"aioseo_notices":[],"_links":{"self":[{"href":"https:\/\/www.galerie-scrapbooking.com\/en\/wp-json\/wp\/v2\/product\/1294","targetHints":{"allow":["GET"]}}],"collection":[{"href":"https:\/\/www.galerie-scrapbooking.com\/en\/wp-json\/wp\/v2\/product"}],"about":[{"href":"https:\/\/www.galerie-scrapbooking.com\/en\/wp-json\/wp\/v2\/types\/product"}],"wp:featuredmedia":[{"embeddable":true,"href":"https:\/\/www.galerie-scrapbooking.com\/en\/wp-json\/wp\/v2\/media\/1295"}],"wp:attachment":[{"href":"https:\/\/www.galerie-scrapbooking.com\/en\/wp-json\/wp\/v2\/media?parent=1294"}],"wp:term":[{"taxonomy":"product_brand","embeddable":true,"href":"https:\/\/www.galerie-scrapbooking.com\/en\/wp-json\/wp\/v2\/product_brand?post=1294"},{"taxonomy":"product_cat","embeddable":true,"href":"https:\/\/www.galerie-scrapbooking.com\/en\/wp-json\/wp\/v2\/product_cat?post=1294"},{"taxonomy":"product_tag","embeddable":true,"href":"https:\/\/www.galerie-scrapbooking.com\/en\/wp-json\/wp\/v2\/product_tag?post=1294"}],"curies":[{"name":"wp","href":"https:\/\/api.w.org\/{rel}","templated":true}]}}