{"id":12551,"date":"2023-12-04T18:27:52","date_gmt":"2023-12-04T18:27:52","guid":{"rendered":"https:\/\/commparlimage.ca\/garage\/herazz\/?product=pinkfresh-gouttes-de-paillettes-transparentes-vert-feuille"},"modified":"2025-01-20T15:50:31","modified_gmt":"2025-01-20T20:50:31","slug":"pinkfresh-gouttes-de-paillettes-transparentes-vert-feuille","status":"publish","type":"product","link":"https:\/\/www.galerie-scrapbooking.com\/en\/produit\/pinkfresh-gouttes-de-paillettes-transparentes-vert-feuille\/","title":{"rendered":"Pinkfresh Gouttes de paillettes Transparentes Vert feuille"},"content":{"rendered":"<h1>Pinkfresh Gouttes de paillettes Transparentes Vert feuille<\/h1>\n<p>Parfait pour ajouter des accents \u00e0 vos projets d\u2019artisanat !<\/p>\n<p>Contient 1 paquet de gouttes d&#8217;embellissement transparentes.<\/p>\n<p>Chaque goutte transparente est \u00e0 dos plat et peut \u00eatre facilement coll\u00e9e sur un projet de cr\u00e9ation en papier \u00e0 l&#8217;aide de colle liquide et d&#8217;un pic \u00e0 bijoux ou d&#8217;une pince tweezer.<\/p>\n","protected":false},"excerpt":{"rendered":"<p>Pinkfresh Clear Drops Essentials &#8211; Leaf<\/p>\n","protected":false},"featured_media":12552,"template":"","meta":{"_acf_changed":false},"product_brand":[],"product_cat":[84],"product_tag":[],"class_list":{"0":"post-12551","1":"product","2":"type-product","3":"status-publish","4":"has-post-thumbnail","6":"product_cat-bijou-autre-scrapbooking","7":"pa_brand_nc-pinkfresh-studio","9":"first","10":"instock","11":"taxable","12":"shipping-taxable","13":"purchasable","14":"product-type-simple"},"acf":[],"aioseo_notices":[],"_links":{"self":[{"href":"https:\/\/www.galerie-scrapbooking.com\/en\/wp-json\/wp\/v2\/product\/12551","targetHints":{"allow":["GET"]}}],"collection":[{"href":"https:\/\/www.galerie-scrapbooking.com\/en\/wp-json\/wp\/v2\/product"}],"about":[{"href":"https:\/\/www.galerie-scrapbooking.com\/en\/wp-json\/wp\/v2\/types\/product"}],"wp:featuredmedia":[{"embeddable":true,"href":"https:\/\/www.galerie-scrapbooking.com\/en\/wp-json\/wp\/v2\/media\/12552"}],"wp:attachment":[{"href":"https:\/\/www.galerie-scrapbooking.com\/en\/wp-json\/wp\/v2\/media?parent=12551"}],"wp:term":[{"taxonomy":"product_brand","embeddable":true,"href":"https:\/\/www.galerie-scrapbooking.com\/en\/wp-json\/wp\/v2\/product_brand?post=12551"},{"taxonomy":"product_cat","embeddable":true,"href":"https:\/\/www.galerie-scrapbooking.com\/en\/wp-json\/wp\/v2\/product_cat?post=12551"},{"taxonomy":"product_tag","embeddable":true,"href":"https:\/\/www.galerie-scrapbooking.com\/en\/wp-json\/wp\/v2\/product_tag?post=12551"}],"curies":[{"name":"wp","href":"https:\/\/api.w.org\/{rel}","templated":true}]}}