{"id":12543,"date":"2023-12-04T18:16:24","date_gmt":"2023-12-04T18:16:24","guid":{"rendered":"https:\/\/commparlimage.ca\/garage\/herazz\/?product=prima-fleurs-merveille-rustique"},"modified":"2025-12-11T10:46:04","modified_gmt":"2025-12-11T15:46:04","slug":"prima-fleurs-merveille-rustique","status":"publish","type":"product","link":"https:\/\/www.galerie-scrapbooking.com\/en\/produit\/prima-fleurs-merveille-rustique\/","title":{"rendered":"Prima Fleurs Merveille rustique"},"content":{"rendered":"<p>Prima Marketing, ces merveilleuses fleurs pr\u00e9sentent la plus grande vari\u00e9t\u00e9 de fleurs et de feuilles dans de multiples couleurs et motifs.<\/p>\n<p>Cet ensemble est parfait pour tous vos projets d&#8217;artisanat en papier<\/p>\n<p>Chaque paquet contient 12 fleurs<\/p>\n","protected":false},"excerpt":{"rendered":"<p>Prima Marketing Paper Flowers 12\/P &#8211; Rustic Wonder<\/p>\n","protected":false},"featured_media":12544,"template":"","meta":{"_acf_changed":false},"product_brand":[],"product_cat":[192],"product_tag":[],"class_list":{"0":"post-12543","1":"product","2":"type-product","3":"status-publish","4":"has-post-thumbnail","6":"product_cat-fleurs-prima","7":"pa_brand_nc-prima","9":"first","10":"instock","11":"taxable","12":"shipping-taxable","13":"purchasable","14":"product-type-simple"},"acf":[],"aioseo_notices":[],"_links":{"self":[{"href":"https:\/\/www.galerie-scrapbooking.com\/en\/wp-json\/wp\/v2\/product\/12543","targetHints":{"allow":["GET"]}}],"collection":[{"href":"https:\/\/www.galerie-scrapbooking.com\/en\/wp-json\/wp\/v2\/product"}],"about":[{"href":"https:\/\/www.galerie-scrapbooking.com\/en\/wp-json\/wp\/v2\/types\/product"}],"wp:featuredmedia":[{"embeddable":true,"href":"https:\/\/www.galerie-scrapbooking.com\/en\/wp-json\/wp\/v2\/media\/12544"}],"wp:attachment":[{"href":"https:\/\/www.galerie-scrapbooking.com\/en\/wp-json\/wp\/v2\/media?parent=12543"}],"wp:term":[{"taxonomy":"product_brand","embeddable":true,"href":"https:\/\/www.galerie-scrapbooking.com\/en\/wp-json\/wp\/v2\/product_brand?post=12543"},{"taxonomy":"product_cat","embeddable":true,"href":"https:\/\/www.galerie-scrapbooking.com\/en\/wp-json\/wp\/v2\/product_cat?post=12543"},{"taxonomy":"product_tag","embeddable":true,"href":"https:\/\/www.galerie-scrapbooking.com\/en\/wp-json\/wp\/v2\/product_tag?post=12543"}],"curies":[{"name":"wp","href":"https:\/\/api.w.org\/{rel}","templated":true}]}}