{"id":12514,"date":"2023-11-29T16:24:05","date_gmt":"2023-11-29T16:24:05","guid":{"rendered":"https:\/\/commparlimage.ca\/garage\/herazz\/?product=pinkfresh-gouttes-de-paillettes-transparentes-scarlet"},"modified":"2026-03-17T13:30:06","modified_gmt":"2026-03-17T17:30:06","slug":"pinkfresh-gouttes-de-paillettes-transparentes-scarlet","status":"publish","type":"product","link":"https:\/\/www.galerie-scrapbooking.com\/en\/produit\/pinkfresh-gouttes-de-paillettes-transparentes-scarlet\/","title":{"rendered":"Pinkfresh Gouttes de paillettes Transparentes Scarlet"},"content":{"rendered":"<h1>Pinkfresh Gouttes de paillettes Transparentes Scarlet<\/h1>\n<p>Parfait pour ajouter des accents \u00e0 vos projets d\u2019artisanat !<\/p>\n<p>Contient 1 paquet de gouttes d&#8217;embellissement transparentes.<\/p>\n<p>Chaque goutte transparente est \u00e0 dos plat et peut \u00eatre facilement coll\u00e9e sur un projet de cr\u00e9ation en papier \u00e0 l&#8217;aide de colle liquide et d&#8217;un pic \u00e0 bijoux ou d&#8217;une pince tweezer.<\/p>\n","protected":false},"excerpt":{"rendered":"<p>Pinkfresh Clear Drops Essentials &#8211; Scarlet<\/p>\n","protected":false},"featured_media":12515,"template":"","meta":{"_acf_changed":false},"product_brand":[],"product_cat":[84],"product_tag":[],"class_list":{"0":"post-12514","1":"product","2":"type-product","3":"status-publish","4":"has-post-thumbnail","6":"product_cat-bijou-autre-scrapbooking","7":"pa_brand_nc-pinkfresh-studio","9":"first","10":"instock","11":"taxable","12":"shipping-taxable","13":"purchasable","14":"product-type-simple"},"acf":[],"aioseo_notices":[],"_links":{"self":[{"href":"https:\/\/www.galerie-scrapbooking.com\/en\/wp-json\/wp\/v2\/product\/12514","targetHints":{"allow":["GET"]}}],"collection":[{"href":"https:\/\/www.galerie-scrapbooking.com\/en\/wp-json\/wp\/v2\/product"}],"about":[{"href":"https:\/\/www.galerie-scrapbooking.com\/en\/wp-json\/wp\/v2\/types\/product"}],"wp:featuredmedia":[{"embeddable":true,"href":"https:\/\/www.galerie-scrapbooking.com\/en\/wp-json\/wp\/v2\/media\/12515"}],"wp:attachment":[{"href":"https:\/\/www.galerie-scrapbooking.com\/en\/wp-json\/wp\/v2\/media?parent=12514"}],"wp:term":[{"taxonomy":"product_brand","embeddable":true,"href":"https:\/\/www.galerie-scrapbooking.com\/en\/wp-json\/wp\/v2\/product_brand?post=12514"},{"taxonomy":"product_cat","embeddable":true,"href":"https:\/\/www.galerie-scrapbooking.com\/en\/wp-json\/wp\/v2\/product_cat?post=12514"},{"taxonomy":"product_tag","embeddable":true,"href":"https:\/\/www.galerie-scrapbooking.com\/en\/wp-json\/wp\/v2\/product_tag?post=12514"}],"curies":[{"name":"wp","href":"https:\/\/api.w.org\/{rel}","templated":true}]}}