{"id":12489,"date":"2023-11-29T15:07:04","date_gmt":"2023-11-29T15:07:04","guid":{"rendered":"https:\/\/commparlimage.ca\/garage\/herazz\/?product=etampe-santoro-juste-une-etincelle"},"modified":"2024-06-18T11:53:53","modified_gmt":"2024-06-18T15:53:53","slug":"etampe-santoro-juste-une-etincelle","status":"publish","type":"product","link":"https:\/\/www.galerie-scrapbooking.com\/en\/produit\/etampe-santoro-juste-une-etincelle\/","title":{"rendered":"\u00c9tampe Santoro Juste une \u00e9tincelle"},"content":{"rendered":"<p>C&#8217;est une \u00e9tampe polyvalente pour une vari\u00e9t\u00e9 d&#8217;occasions.<\/p>\n<p>Ce tampon peut \u00eatre utilis\u00e9 avec vos encres, marqueurs, poudres \u00e0 gaufrer, aquarelles, crayons de couleur et autres supports d&#8217;artisanat pr\u00e9f\u00e9r\u00e9s.<\/p>\n<p>Dimensions approximatives de l&#8217;emballage:<\/p>\n<p>2.8 x 5.0 pouces<\/p>\n","protected":false},"excerpt":{"rendered":"<p>Studio Light Gorjuss Stamps &#8211; Just A Spark<\/p>\n","protected":false},"featured_media":12490,"template":"","meta":{"_acf_changed":false},"product_brand":[],"product_cat":[260],"product_tag":[],"class_list":{"0":"post-12489","1":"product","2":"type-product","3":"status-publish","4":"has-post-thumbnail","6":"product_cat-santoro","7":"pa_brand_nc-studio-light","9":"first","10":"instock","11":"taxable","12":"shipping-taxable","13":"purchasable","14":"product-type-simple"},"acf":[],"aioseo_notices":[],"_links":{"self":[{"href":"https:\/\/www.galerie-scrapbooking.com\/en\/wp-json\/wp\/v2\/product\/12489","targetHints":{"allow":["GET"]}}],"collection":[{"href":"https:\/\/www.galerie-scrapbooking.com\/en\/wp-json\/wp\/v2\/product"}],"about":[{"href":"https:\/\/www.galerie-scrapbooking.com\/en\/wp-json\/wp\/v2\/types\/product"}],"wp:featuredmedia":[{"embeddable":true,"href":"https:\/\/www.galerie-scrapbooking.com\/en\/wp-json\/wp\/v2\/media\/12490"}],"wp:attachment":[{"href":"https:\/\/www.galerie-scrapbooking.com\/en\/wp-json\/wp\/v2\/media?parent=12489"}],"wp:term":[{"taxonomy":"product_brand","embeddable":true,"href":"https:\/\/www.galerie-scrapbooking.com\/en\/wp-json\/wp\/v2\/product_brand?post=12489"},{"taxonomy":"product_cat","embeddable":true,"href":"https:\/\/www.galerie-scrapbooking.com\/en\/wp-json\/wp\/v2\/product_cat?post=12489"},{"taxonomy":"product_tag","embeddable":true,"href":"https:\/\/www.galerie-scrapbooking.com\/en\/wp-json\/wp\/v2\/product_tag?post=12489"}],"curies":[{"name":"wp","href":"https:\/\/api.w.org\/{rel}","templated":true}]}}