{"id":12480,"date":"2023-11-21T16:27:00","date_gmt":"2023-11-21T16:27:00","guid":{"rendered":"https:\/\/commparlimage.ca\/garage\/herazz\/?product=craft-perfect-2-rubans-adhesifs-a-faible-adherence"},"modified":"2026-01-21T15:10:43","modified_gmt":"2026-01-21T20:10:43","slug":"craft-perfect-2-rubans-adhesifs-a-faible-adherence","status":"publish","type":"product","link":"https:\/\/www.galerie-scrapbooking.com\/en\/produit\/craft-perfect-2-rubans-adhesifs-a-faible-adherence\/","title":{"rendered":"Craft Perfect 2 rubans adh\u00e9sifs \u00e0 faible adh\u00e9rence"},"content":{"rendered":"<h1>Craft Perfect 2 rubans adh\u00e9sifs \u00e0 faible adh\u00e9rence<\/h1>\n<p>Le ruban adh\u00e9sif \u00e0 faible adh\u00e9rence de Craft Perfect est id\u00e9al pour maintenir vos matrices de d\u00e9coupe en position sur votre papier cartonn\u00e9 lorsque vous les faites passer dans votre machine de d\u00e9coupe.<\/p>\n<p>Ce \u00ab ruban adh\u00e9sif \u00e0 faible adh\u00e9rence \u00bb se retire facilement de votre papier et meurt une fois votre d\u00e9coupe termin\u00e9e. L&#8217;adh\u00e9sif \u00e0 faible adh\u00e9rence se d\u00e9colle doucement de votre papier sans dommage.<\/p>\n<p>2 rouleaux par paquet de 0.75 pouces x 33 pieds<\/p>\n<p>D\u00e9vidoir vendu s\u00e9par\u00e9ment<\/p>\n","protected":false},"excerpt":{"rendered":"<p>Craft Perfect Low Tack Die Tape .75&#8243;X33&#8242; 2\/Pkg<\/p>\n","protected":false},"featured_media":12481,"template":"","meta":{"_acf_changed":false},"product_brand":[],"product_cat":[45],"product_tag":[],"class_list":{"0":"post-12480","1":"product","2":"type-product","3":"status-publish","4":"has-post-thumbnail","6":"product_cat-adhesifs-autres","7":"pa_brand_nc-craft-perfect","9":"first","10":"instock","11":"taxable","12":"shipping-taxable","13":"purchasable","14":"product-type-simple"},"acf":[],"aioseo_notices":[],"_links":{"self":[{"href":"https:\/\/www.galerie-scrapbooking.com\/en\/wp-json\/wp\/v2\/product\/12480","targetHints":{"allow":["GET"]}}],"collection":[{"href":"https:\/\/www.galerie-scrapbooking.com\/en\/wp-json\/wp\/v2\/product"}],"about":[{"href":"https:\/\/www.galerie-scrapbooking.com\/en\/wp-json\/wp\/v2\/types\/product"}],"wp:featuredmedia":[{"embeddable":true,"href":"https:\/\/www.galerie-scrapbooking.com\/en\/wp-json\/wp\/v2\/media\/12481"}],"wp:attachment":[{"href":"https:\/\/www.galerie-scrapbooking.com\/en\/wp-json\/wp\/v2\/media?parent=12480"}],"wp:term":[{"taxonomy":"product_brand","embeddable":true,"href":"https:\/\/www.galerie-scrapbooking.com\/en\/wp-json\/wp\/v2\/product_brand?post=12480"},{"taxonomy":"product_cat","embeddable":true,"href":"https:\/\/www.galerie-scrapbooking.com\/en\/wp-json\/wp\/v2\/product_cat?post=12480"},{"taxonomy":"product_tag","embeddable":true,"href":"https:\/\/www.galerie-scrapbooking.com\/en\/wp-json\/wp\/v2\/product_tag?post=12480"}],"curies":[{"name":"wp","href":"https:\/\/api.w.org\/{rel}","templated":true}]}}