{"id":12478,"date":"2023-11-21T16:18:08","date_gmt":"2023-11-21T16:18:08","guid":{"rendered":"https:\/\/commparlimage.ca\/garage\/herazz\/?product=craft-perfect-devidoir-pour-ruban-adhesif-a-faible-adherence"},"modified":"2026-01-12T23:03:30","modified_gmt":"2026-01-13T04:03:30","slug":"craft-perfect-devidoir-pour-ruban-adhesif-a-faible-adherence","status":"publish","type":"product","link":"https:\/\/www.galerie-scrapbooking.com\/en\/produit\/craft-perfect-devidoir-pour-ruban-adhesif-a-faible-adherence\/","title":{"rendered":"Craft Perfect D\u00e9vidoir pour ruban adh\u00e9sif \u00e0 faible adh\u00e9rence"},"content":{"rendered":"<p>D\u00e9vidoir de ruban adh\u00e9sif Craft Perfect \u00e0 faible adh\u00e9rence. Le distributeur de ruban adh\u00e9sif Craft Perfect est con\u00e7u pour contenir le ruban adh\u00e9sif Craft Perfect \u00e0 faible adh\u00e9rence. Cet outil pratique est un incontournable pour tout artisan \u00e0 la recherche d&#8217;un moyen pratique de distribuer du ruban adh\u00e9sif rapidement et facilement lors de la d\u00e9coupe.<\/p>\n<p>Avec son design compact, ce d\u00e9vidoir de ruban adh\u00e9sif est parfait pour une utilisation dans votre salle de bricolage. Le distributeur est con\u00e7u pour s&#8217;adapter parfaitement au ruban adh\u00e9sif Craft Perfect \u00e0 faible adh\u00e9rence, garantissant que votre ruban est toujours facilement accessible lorsque vous en avez besoin.<\/p>\n<p>L&#8217;adh\u00e9sif Craft Perfect \u00e0 faible adh\u00e9rence est vendu s\u00e9par\u00e9ment.<\/p>\n","protected":false},"excerpt":{"rendered":"<p>Craft Perfect Low Tack Tape Dispenser<\/p>\n","protected":false},"featured_media":12479,"template":"","meta":{"_acf_changed":false},"product_brand":[],"product_cat":[45],"product_tag":[],"class_list":{"0":"post-12478","1":"product","2":"type-product","3":"status-publish","4":"has-post-thumbnail","6":"product_cat-adhesifs-autres","7":"pa_brand_nc-craft-perfect","9":"first","10":"instock","11":"taxable","12":"shipping-taxable","13":"purchasable","14":"product-type-simple"},"acf":[],"aioseo_notices":[],"_links":{"self":[{"href":"https:\/\/www.galerie-scrapbooking.com\/en\/wp-json\/wp\/v2\/product\/12478","targetHints":{"allow":["GET"]}}],"collection":[{"href":"https:\/\/www.galerie-scrapbooking.com\/en\/wp-json\/wp\/v2\/product"}],"about":[{"href":"https:\/\/www.galerie-scrapbooking.com\/en\/wp-json\/wp\/v2\/types\/product"}],"wp:featuredmedia":[{"embeddable":true,"href":"https:\/\/www.galerie-scrapbooking.com\/en\/wp-json\/wp\/v2\/media\/12479"}],"wp:attachment":[{"href":"https:\/\/www.galerie-scrapbooking.com\/en\/wp-json\/wp\/v2\/media?parent=12478"}],"wp:term":[{"taxonomy":"product_brand","embeddable":true,"href":"https:\/\/www.galerie-scrapbooking.com\/en\/wp-json\/wp\/v2\/product_brand?post=12478"},{"taxonomy":"product_cat","embeddable":true,"href":"https:\/\/www.galerie-scrapbooking.com\/en\/wp-json\/wp\/v2\/product_cat?post=12478"},{"taxonomy":"product_tag","embeddable":true,"href":"https:\/\/www.galerie-scrapbooking.com\/en\/wp-json\/wp\/v2\/product_tag?post=12478"}],"curies":[{"name":"wp","href":"https:\/\/api.w.org\/{rel}","templated":true}]}}