{"id":12441,"date":"2023-11-06T17:22:25","date_gmt":"2023-11-06T17:22:25","guid":{"rendered":"https:\/\/commparlimage.ca\/garage\/herazz\/?product=lavinia-etampe-feuilles-de-la-foret"},"modified":"2025-04-17T15:22:21","modified_gmt":"2025-04-17T19:22:21","slug":"lavinia-etampe-feuilles-de-la-foret","status":"publish","type":"product","link":"https:\/\/www.galerie-scrapbooking.com\/en\/produit\/lavinia-etampe-feuilles-de-la-foret\/","title":{"rendered":"Lavinia \u00c9tampe Feuilles de la For\u00eat"},"content":{"rendered":"<p>Une \u00e9tampe d\u00e9taill\u00e9e pr\u00e9sentant une illustration d\u00e9licate d\u2019une plante \u00e0 grandes feuilles.<\/p>\n<p>Avec cinq feuilles de diff\u00e9rentes tailles et de d\u00e9licates vignes fris\u00e9es, cette \u00e9tampe fonctionne \u00e0 merveille comme bordure ou comme feuillage parfait pour qu&#8217;un li\u00e8vre des bois puisse se cacher.<\/p>\n<p>La r\u00e9sine polym\u00e8re transparente utilis\u00e9e pour fabriquer ces tampons leur permet de s&#8217;accrocher au bloc acrylique sans avoir besoin d&#8217;adh\u00e9sif.<\/p>\n<p>Tous les mod\u00e8les sont fournis \u00e0 plat sur une feuille d&#8217;ac\u00e9tate et se d\u00e9collent facilement, pr\u00eats \u00e0 l&#8217;emploi.<\/p>\n<p>Dimension approximative:<\/p>\n<p>6.0 x 12.0 cm.<\/p>\n","protected":false},"excerpt":{"rendered":"<p>Lavinia Stamp &#8211; Forest Leaf<\/p>\n","protected":false},"featured_media":12442,"template":"","meta":{"_acf_changed":false},"product_brand":[],"product_cat":[423,342],"product_tag":[],"class_list":{"0":"post-12441","1":"product","2":"type-product","3":"status-publish","4":"has-post-thumbnail","6":"product_cat-fleurs-feuillage","7":"product_cat-etampes-lavinia","8":"pa_brand_nc-lavinia","10":"first","11":"instock","12":"taxable","13":"shipping-taxable","14":"purchasable","15":"product-type-simple"},"acf":[],"aioseo_notices":[],"_links":{"self":[{"href":"https:\/\/www.galerie-scrapbooking.com\/en\/wp-json\/wp\/v2\/product\/12441","targetHints":{"allow":["GET"]}}],"collection":[{"href":"https:\/\/www.galerie-scrapbooking.com\/en\/wp-json\/wp\/v2\/product"}],"about":[{"href":"https:\/\/www.galerie-scrapbooking.com\/en\/wp-json\/wp\/v2\/types\/product"}],"wp:featuredmedia":[{"embeddable":true,"href":"https:\/\/www.galerie-scrapbooking.com\/en\/wp-json\/wp\/v2\/media\/12442"}],"wp:attachment":[{"href":"https:\/\/www.galerie-scrapbooking.com\/en\/wp-json\/wp\/v2\/media?parent=12441"}],"wp:term":[{"taxonomy":"product_brand","embeddable":true,"href":"https:\/\/www.galerie-scrapbooking.com\/en\/wp-json\/wp\/v2\/product_brand?post=12441"},{"taxonomy":"product_cat","embeddable":true,"href":"https:\/\/www.galerie-scrapbooking.com\/en\/wp-json\/wp\/v2\/product_cat?post=12441"},{"taxonomy":"product_tag","embeddable":true,"href":"https:\/\/www.galerie-scrapbooking.com\/en\/wp-json\/wp\/v2\/product_tag?post=12441"}],"curies":[{"name":"wp","href":"https:\/\/api.w.org\/{rel}","templated":true}]}}