{"id":12420,"date":"2023-11-06T16:54:17","date_gmt":"2023-11-06T16:54:17","guid":{"rendered":"https:\/\/commparlimage.ca\/garage\/herazz\/?product=lavinia-etampe-petits-pins"},"modified":"2026-02-12T09:54:11","modified_gmt":"2026-02-12T14:54:11","slug":"lavinia-etampe-petits-pins","status":"publish","type":"product","link":"https:\/\/www.galerie-scrapbooking.com\/en\/produit\/lavinia-etampe-petits-pins\/","title":{"rendered":"Lavinia \u00c9tampe Petits Pins"},"content":{"rendered":"<h1>Lavinia \u00c9tampe Petits Pins<\/h1>\n<p>Une jolie collection de quatre \u00e9tampes silhouette repr\u00e9sentant des pins.<\/p>\n<p>Avec des troncs hauts et une vari\u00e9t\u00e9 de formes, ces arbres sont parfaits pour \u00e9tamper une for\u00eat, une limite foresti\u00e8re lointaine ou peut-\u00eatre un arbre isol\u00e9 pour une \u00e9tiquette.<\/p>\n<p>Cr\u00e9ez une sc\u00e8ne parfaite avec les minis \u00e9toiles et flocons<\/p>\n<p>La r\u00e9sine polym\u00e8re transparente utilis\u00e9e pour fabriquer ces tampons leur permet de s&#8217;accrocher au bloc acrylique sans avoir besoin d&#8217;adh\u00e9sif.<\/p>\n<p>Tous les mod\u00e8les sont fournis \u00e0 plat sur une feuille d&#8217;ac\u00e9tate et se d\u00e9collent facilement, pr\u00eats \u00e0 l&#8217;emploi.<\/p>\n<p>Dimension approximative:<\/p>\n<p>2cm x 9.5cm, 1cm x 8cm, 1.5cm x 6cm and 2cm x 4.5cm.<\/p>\n","protected":false},"excerpt":{"rendered":"<p>Lavinia Stamp &#8211; Small Pine Trees<\/p>\n","protected":false},"featured_media":12421,"template":"","meta":{"_acf_changed":false},"product_brand":[],"product_cat":[420,342],"product_tag":[],"class_list":{"0":"post-12420","1":"product","2":"type-product","3":"status-publish","4":"has-post-thumbnail","6":"product_cat-arbre-paysage","7":"product_cat-etampes-lavinia","8":"pa_brand_nc-lavinia","10":"first","11":"instock","12":"taxable","13":"shipping-taxable","14":"purchasable","15":"product-type-simple"},"acf":[],"aioseo_notices":[],"_links":{"self":[{"href":"https:\/\/www.galerie-scrapbooking.com\/en\/wp-json\/wp\/v2\/product\/12420","targetHints":{"allow":["GET"]}}],"collection":[{"href":"https:\/\/www.galerie-scrapbooking.com\/en\/wp-json\/wp\/v2\/product"}],"about":[{"href":"https:\/\/www.galerie-scrapbooking.com\/en\/wp-json\/wp\/v2\/types\/product"}],"wp:featuredmedia":[{"embeddable":true,"href":"https:\/\/www.galerie-scrapbooking.com\/en\/wp-json\/wp\/v2\/media\/12421"}],"wp:attachment":[{"href":"https:\/\/www.galerie-scrapbooking.com\/en\/wp-json\/wp\/v2\/media?parent=12420"}],"wp:term":[{"taxonomy":"product_brand","embeddable":true,"href":"https:\/\/www.galerie-scrapbooking.com\/en\/wp-json\/wp\/v2\/product_brand?post=12420"},{"taxonomy":"product_cat","embeddable":true,"href":"https:\/\/www.galerie-scrapbooking.com\/en\/wp-json\/wp\/v2\/product_cat?post=12420"},{"taxonomy":"product_tag","embeddable":true,"href":"https:\/\/www.galerie-scrapbooking.com\/en\/wp-json\/wp\/v2\/product_tag?post=12420"}],"curies":[{"name":"wp","href":"https:\/\/api.w.org\/{rel}","templated":true}]}}