{"id":12417,"date":"2023-11-06T16:48:48","date_gmt":"2023-11-06T16:48:48","guid":{"rendered":"https:\/\/commparlimage.ca\/garage\/herazz\/?product=lavinia-etampe-chatons-de-fee"},"modified":"2025-11-25T21:24:05","modified_gmt":"2025-11-26T02:24:05","slug":"lavinia-etampe-chatons-de-fee","status":"publish","type":"product","link":"https:\/\/www.galerie-scrapbooking.com\/en\/produit\/lavinia-etampe-chatons-de-fee\/","title":{"rendered":"Lavinia \u00c9tampe Chatons de F\u00e9e"},"content":{"rendered":"<p>Un joli ensemble de quatre \u00e9tampes comportant des illustrations montrant des branches de chatons f\u00e9eriques.<\/p>\n<p>Ces tampons diff\u00e8rent en taille et peuvent \u00eatre utilis\u00e9s avec beaucoup d\u2019effet dans les conceptions de couronnes avec les tampons mini feuilles<\/p>\n<p>La r\u00e9sine polym\u00e8re transparente utilis\u00e9e pour fabriquer ces tampons leur permet de s&#8217;accrocher au bloc acrylique sans avoir besoin d&#8217;adh\u00e9sif.<\/p>\n<p>Tous les mod\u00e8les sont fournis \u00e0 plat sur une feuille d&#8217;ac\u00e9tate et se d\u00e9collent facilement, pr\u00eats \u00e0 l&#8217;emploi.<\/p>\n<p>Dimension approximative:<\/p>\n<p>10.5cm x 5cm, 8cm x 3 cm, 2.5cm x 3 cm, 0.5 cm x 2.5 cm.<\/p>\n","protected":false},"excerpt":{"rendered":"<p>Lavinia Stamp &#8211; Fairy Catkins<\/p>\n","protected":false},"featured_media":12418,"template":"","meta":{"_acf_changed":false},"product_brand":[],"product_cat":[423,342],"product_tag":[],"class_list":{"0":"post-12417","1":"product","2":"type-product","3":"status-publish","4":"has-post-thumbnail","6":"product_cat-fleurs-feuillage","7":"product_cat-etampes-lavinia","8":"pa_brand_nc-lavinia","10":"first","11":"instock","12":"taxable","13":"shipping-taxable","14":"purchasable","15":"product-type-simple"},"acf":[],"aioseo_notices":[],"_links":{"self":[{"href":"https:\/\/www.galerie-scrapbooking.com\/en\/wp-json\/wp\/v2\/product\/12417","targetHints":{"allow":["GET"]}}],"collection":[{"href":"https:\/\/www.galerie-scrapbooking.com\/en\/wp-json\/wp\/v2\/product"}],"about":[{"href":"https:\/\/www.galerie-scrapbooking.com\/en\/wp-json\/wp\/v2\/types\/product"}],"wp:featuredmedia":[{"embeddable":true,"href":"https:\/\/www.galerie-scrapbooking.com\/en\/wp-json\/wp\/v2\/media\/12418"}],"wp:attachment":[{"href":"https:\/\/www.galerie-scrapbooking.com\/en\/wp-json\/wp\/v2\/media?parent=12417"}],"wp:term":[{"taxonomy":"product_brand","embeddable":true,"href":"https:\/\/www.galerie-scrapbooking.com\/en\/wp-json\/wp\/v2\/product_brand?post=12417"},{"taxonomy":"product_cat","embeddable":true,"href":"https:\/\/www.galerie-scrapbooking.com\/en\/wp-json\/wp\/v2\/product_cat?post=12417"},{"taxonomy":"product_tag","embeddable":true,"href":"https:\/\/www.galerie-scrapbooking.com\/en\/wp-json\/wp\/v2\/product_tag?post=12417"}],"curies":[{"name":"wp","href":"https:\/\/api.w.org\/{rel}","templated":true}]}}