{"id":12414,"date":"2023-11-06T16:45:35","date_gmt":"2023-11-06T16:45:35","guid":{"rendered":"https:\/\/commparlimage.ca\/garage\/herazz\/?product=lavinia-etampe-silhouette-de-pin"},"modified":"2025-09-11T19:54:14","modified_gmt":"2025-09-11T23:54:14","slug":"lavinia-etampe-silhouette-de-pin","status":"publish","type":"product","link":"https:\/\/www.galerie-scrapbooking.com\/en\/produit\/lavinia-etampe-silhouette-de-pin\/","title":{"rendered":"Lavinia \u00c9tampe Silhouette de pin"},"content":{"rendered":"<p>Une superbe silhouette de pin.<\/p>\n<p>Cette \u00e9tampe repr\u00e9sente un pin avec des branches perl\u00e9es de diff\u00e9rentes tailles.<\/p>\n<p>Ce tampon fonctionne \u00e0 merveille avec l&#8217;\u00e9tampe pin sauvage et Rufus.<\/p>\n<p>La r\u00e9sine polym\u00e8re transparente utilis\u00e9e pour fabriquer ces tampons leur permet de s&#8217;accrocher au bloc acrylique sans avoir besoin d&#8217;adh\u00e9sif.<\/p>\n<p>Tous les mod\u00e8les sont fournis \u00e0 plat sur une feuille d&#8217;ac\u00e9tate et se d\u00e9collent facilement, pr\u00eats \u00e0 l&#8217;emploi.<\/p>\n<p>Dimension approximative:<\/p>\n<p>6.5x 8.5 cm.<\/p>\n","protected":false},"excerpt":{"rendered":"<p>Lavinia Stamp &#8211; Christmas Joy<\/p>\n","protected":false},"featured_media":12415,"template":"","meta":{"_acf_changed":false},"product_brand":[],"product_cat":[420,342],"product_tag":[],"class_list":{"0":"post-12414","1":"product","2":"type-product","3":"status-publish","4":"has-post-thumbnail","6":"product_cat-arbre-paysage","7":"product_cat-etampes-lavinia","8":"pa_brand_nc-lavinia","10":"first","11":"instock","12":"taxable","13":"shipping-taxable","14":"purchasable","15":"product-type-simple"},"acf":[],"aioseo_notices":[],"_links":{"self":[{"href":"https:\/\/www.galerie-scrapbooking.com\/en\/wp-json\/wp\/v2\/product\/12414","targetHints":{"allow":["GET"]}}],"collection":[{"href":"https:\/\/www.galerie-scrapbooking.com\/en\/wp-json\/wp\/v2\/product"}],"about":[{"href":"https:\/\/www.galerie-scrapbooking.com\/en\/wp-json\/wp\/v2\/types\/product"}],"wp:featuredmedia":[{"embeddable":true,"href":"https:\/\/www.galerie-scrapbooking.com\/en\/wp-json\/wp\/v2\/media\/12415"}],"wp:attachment":[{"href":"https:\/\/www.galerie-scrapbooking.com\/en\/wp-json\/wp\/v2\/media?parent=12414"}],"wp:term":[{"taxonomy":"product_brand","embeddable":true,"href":"https:\/\/www.galerie-scrapbooking.com\/en\/wp-json\/wp\/v2\/product_brand?post=12414"},{"taxonomy":"product_cat","embeddable":true,"href":"https:\/\/www.galerie-scrapbooking.com\/en\/wp-json\/wp\/v2\/product_cat?post=12414"},{"taxonomy":"product_tag","embeddable":true,"href":"https:\/\/www.galerie-scrapbooking.com\/en\/wp-json\/wp\/v2\/product_tag?post=12414"}],"curies":[{"name":"wp","href":"https:\/\/api.w.org\/{rel}","templated":true}]}}