{"id":12411,"date":"2023-11-06T16:41:18","date_gmt":"2023-11-06T16:41:18","guid":{"rendered":"https:\/\/commparlimage.ca\/garage\/herazz\/?product=lavinia-etampe-eve"},"modified":"2025-04-02T10:18:21","modified_gmt":"2025-04-02T14:18:21","slug":"lavinia-etampe-eve","status":"publish","type":"product","link":"https:\/\/www.galerie-scrapbooking.com\/en\/produit\/lavinia-etampe-eve\/","title":{"rendered":"Lavinia \u00c9tampe Eve"},"content":{"rendered":"<p>Un timbre en forme de silhouette repr\u00e9sentant une f\u00e9e portant une lanterne.<\/p>\n<p>Une superbe illustration d&#8217;une f\u00e9e sur la pointe des pieds, avec des ailes d\u00e9taill\u00e9es, un chapeau ray\u00e9 et une jupe perl\u00e9e.<\/p>\n<p>La r\u00e9sine polym\u00e8re transparente utilis\u00e9e pour fabriquer ces tampons leur permet de s&#8217;accrocher au bloc acrylique sans avoir besoin d&#8217;adh\u00e9sif.<\/p>\n<p>Tous les mod\u00e8les sont fournis \u00e0 plat sur une feuille d&#8217;ac\u00e9tate et se d\u00e9collent facilement, pr\u00eats \u00e0 l&#8217;emploi.<\/p>\n<p>Dimension approximative:<\/p>\n<p>6.0x 8.0 cm.<\/p>\n","protected":false},"excerpt":{"rendered":"<p>Lavinia Stamp &#8211; Eve<\/p>\n","protected":false},"featured_media":12412,"template":"","meta":{"_acf_changed":false},"product_brand":[],"product_cat":[422,342],"product_tag":[],"class_list":{"0":"post-12411","1":"product","2":"type-product","3":"status-publish","4":"has-post-thumbnail","6":"product_cat-fees","7":"product_cat-etampes-lavinia","8":"pa_brand_nc-lavinia","10":"first","11":"instock","12":"taxable","13":"shipping-taxable","14":"purchasable","15":"product-type-simple"},"acf":[],"aioseo_notices":[],"_links":{"self":[{"href":"https:\/\/www.galerie-scrapbooking.com\/en\/wp-json\/wp\/v2\/product\/12411","targetHints":{"allow":["GET"]}}],"collection":[{"href":"https:\/\/www.galerie-scrapbooking.com\/en\/wp-json\/wp\/v2\/product"}],"about":[{"href":"https:\/\/www.galerie-scrapbooking.com\/en\/wp-json\/wp\/v2\/types\/product"}],"wp:featuredmedia":[{"embeddable":true,"href":"https:\/\/www.galerie-scrapbooking.com\/en\/wp-json\/wp\/v2\/media\/12412"}],"wp:attachment":[{"href":"https:\/\/www.galerie-scrapbooking.com\/en\/wp-json\/wp\/v2\/media?parent=12411"}],"wp:term":[{"taxonomy":"product_brand","embeddable":true,"href":"https:\/\/www.galerie-scrapbooking.com\/en\/wp-json\/wp\/v2\/product_brand?post=12411"},{"taxonomy":"product_cat","embeddable":true,"href":"https:\/\/www.galerie-scrapbooking.com\/en\/wp-json\/wp\/v2\/product_cat?post=12411"},{"taxonomy":"product_tag","embeddable":true,"href":"https:\/\/www.galerie-scrapbooking.com\/en\/wp-json\/wp\/v2\/product_tag?post=12411"}],"curies":[{"name":"wp","href":"https:\/\/api.w.org\/{rel}","templated":true}]}}