{"id":12390,"date":"2023-10-25T20:04:34","date_gmt":"2023-10-25T20:04:34","guid":{"rendered":"https:\/\/commparlimage.ca\/garage\/herazz\/?product=lavinia-4-stencils-autocollants-5"},"modified":"2024-09-12T08:43:35","modified_gmt":"2024-09-12T12:43:35","slug":"lavinia-4-stencils-autocollants-5","status":"publish","type":"product","link":"https:\/\/www.galerie-scrapbooking.com\/en\/produit\/lavinia-4-stencils-autocollants-5\/","title":{"rendered":"Lavinia 4 Stencils Autocollants #5"},"content":{"rendered":"<p>Lavinia Stencil autocollants<\/p>\n<p>Quatre pochoirs autocollants pouvant \u00eatre utilis\u00e9s comme positif et n\u00e9gatif. Repositionnables, r\u00e9utilisables et essuyables, ils sont parfaits pour les projets de cartes, la journalisation, le scrapbooking et d&#8217;autres projets cr\u00e9atifs.<\/p>\n<p>Grandeur: 12.5 x 12.5 cm.<\/p>\n<p>Video de d\u00e9monstration:<\/p>\n<p><iframe loading=\"lazy\" title=\"YouTube video player\" src=\"https:\/\/www.youtube.com\/embed\/S5Wsb9ajKR0\" width=\"560\" height=\"315\" frameborder=\"0\" allowfullscreen=\"allowfullscreen\"><\/iframe><\/p>\n","protected":false},"excerpt":{"rendered":"<p>Lavinia Sticker Stencils 12.5 x 12.5 cm<\/p>\n","protected":false},"featured_media":12391,"template":"","meta":{"_acf_changed":false},"product_brand":[],"product_cat":[379,105],"product_tag":[],"class_list":{"0":"post-12390","1":"product","2":"type-product","3":"status-publish","4":"has-post-thumbnail","6":"product_cat-stencil-lavinia","7":"product_cat-masques-scrapbooking","8":"pa_brand_nc-lavinia","10":"first","11":"instock","12":"taxable","13":"shipping-taxable","14":"purchasable","15":"product-type-simple"},"acf":[],"aioseo_notices":[],"_links":{"self":[{"href":"https:\/\/www.galerie-scrapbooking.com\/en\/wp-json\/wp\/v2\/product\/12390","targetHints":{"allow":["GET"]}}],"collection":[{"href":"https:\/\/www.galerie-scrapbooking.com\/en\/wp-json\/wp\/v2\/product"}],"about":[{"href":"https:\/\/www.galerie-scrapbooking.com\/en\/wp-json\/wp\/v2\/types\/product"}],"wp:featuredmedia":[{"embeddable":true,"href":"https:\/\/www.galerie-scrapbooking.com\/en\/wp-json\/wp\/v2\/media\/12391"}],"wp:attachment":[{"href":"https:\/\/www.galerie-scrapbooking.com\/en\/wp-json\/wp\/v2\/media?parent=12390"}],"wp:term":[{"taxonomy":"product_brand","embeddable":true,"href":"https:\/\/www.galerie-scrapbooking.com\/en\/wp-json\/wp\/v2\/product_brand?post=12390"},{"taxonomy":"product_cat","embeddable":true,"href":"https:\/\/www.galerie-scrapbooking.com\/en\/wp-json\/wp\/v2\/product_cat?post=12390"},{"taxonomy":"product_tag","embeddable":true,"href":"https:\/\/www.galerie-scrapbooking.com\/en\/wp-json\/wp\/v2\/product_tag?post=12390"}],"curies":[{"name":"wp","href":"https:\/\/api.w.org\/{rel}","templated":true}]}}