{"id":12316,"date":"2023-10-22T16:01:29","date_gmt":"2023-10-22T16:01:29","guid":{"rendered":"https:\/\/commparlimage.ca\/garage\/herazz\/?product=lavinia-poudre-dinkles-burnt-orange"},"modified":"2026-04-17T11:11:58","modified_gmt":"2026-04-17T15:11:58","slug":"lavinia-poudre-dinkles-burnt-orange","status":"publish","type":"product","link":"https:\/\/www.galerie-scrapbooking.com\/en\/produit\/lavinia-poudre-dinkles-burnt-orange\/","title":{"rendered":"Lavinia Poudre Dinkles Burnt Orange"},"content":{"rendered":"<h1>Dinkles Lavinia<\/h1>\n<p>Couleur Burnt Orange (Orange Br\u00fbl\u00e9e)<\/p>\n<p>Les encres s\u00e8ches en poudre <strong>Dinkles<\/strong> sont disponibles dans une gamme de couleurs joyeuses et exaltantes sp\u00e9cialement con\u00e7ues pour la palette Lavinia.<\/p>\n<p>Ces couleurs \u00e9pur\u00e9es, vibrantes et transparentes apparaissent sur n&#8217;importe quel fond clair ou blanc, vous permettant de cr\u00e9er des designs \u00e9poustouflants et accrocheurs.<\/p>\n<p>Pour des teintes pastels ou \u00e0 utiliser sur des fonds sombres, ajoutez vos couleurs \u00e0 du Blanc Porcelaine, vaporisez de l&#8217;eau et\u2026 hop !<\/p>\n<p>Les <em>Dinkles<\/em> sont \u00e9galement fabuleux m\u00e9lang\u00e9s \u00e0 d\u2019autres produits, c\u2019est ainsi que tout projet multim\u00e9dia se d\u00e9marque !<\/p>\n<p>Percez un trou au centre du contenant \u00e0 l&#8217;aide d&#8217;une punaise afin de faciliter l&#8217;utilisation.<\/p>\n<p>Pot de 7.5g<\/p>\n<p>Vid\u00e9o Lavinia de d\u00e9monstration:<\/p>\n<p><iframe loading=\"lazy\" title=\"YouTube video player\" src=\"https:\/\/www.youtube.com\/embed\/pK4gGez-ROM?si=Ln7uXiATtqvoo94o\" width=\"560\" height=\"315\" frameborder=\"0\" allowfullscreen=\"allowfullscreen\"><\/iframe><\/p>\n","protected":false},"excerpt":{"rendered":"<p>Lavinia Dinkles Ink Powder &#8211; Burnt Orange<\/p>\n","protected":false},"featured_media":12317,"template":"","meta":{"_acf_changed":false},"product_brand":[],"product_cat":[429],"product_tag":[],"class_list":{"0":"post-12316","1":"product","2":"type-product","3":"status-publish","4":"has-post-thumbnail","6":"product_cat-dinkles-lavinia","7":"pa_brand_nc-lavinia","9":"first","10":"instock","11":"taxable","12":"shipping-taxable","13":"purchasable","14":"product-type-simple"},"acf":[],"aioseo_notices":[],"_links":{"self":[{"href":"https:\/\/www.galerie-scrapbooking.com\/en\/wp-json\/wp\/v2\/product\/12316","targetHints":{"allow":["GET"]}}],"collection":[{"href":"https:\/\/www.galerie-scrapbooking.com\/en\/wp-json\/wp\/v2\/product"}],"about":[{"href":"https:\/\/www.galerie-scrapbooking.com\/en\/wp-json\/wp\/v2\/types\/product"}],"wp:featuredmedia":[{"embeddable":true,"href":"https:\/\/www.galerie-scrapbooking.com\/en\/wp-json\/wp\/v2\/media\/12317"}],"wp:attachment":[{"href":"https:\/\/www.galerie-scrapbooking.com\/en\/wp-json\/wp\/v2\/media?parent=12316"}],"wp:term":[{"taxonomy":"product_brand","embeddable":true,"href":"https:\/\/www.galerie-scrapbooking.com\/en\/wp-json\/wp\/v2\/product_brand?post=12316"},{"taxonomy":"product_cat","embeddable":true,"href":"https:\/\/www.galerie-scrapbooking.com\/en\/wp-json\/wp\/v2\/product_cat?post=12316"},{"taxonomy":"product_tag","embeddable":true,"href":"https:\/\/www.galerie-scrapbooking.com\/en\/wp-json\/wp\/v2\/product_tag?post=12316"}],"curies":[{"name":"wp","href":"https:\/\/api.w.org\/{rel}","templated":true}]}}