{"id":12292,"date":"2023-10-18T17:07:38","date_gmt":"2023-10-18T17:07:38","guid":{"rendered":"https:\/\/commparlimage.ca\/garage\/herazz\/?product=spellbinders-platinum-2-plaques-de-coupe-etendues"},"modified":"2025-03-12T11:43:08","modified_gmt":"2025-03-12T15:43:08","slug":"spellbinders-platinum-2-plaques-de-coupe-etendues","status":"publish","type":"product","link":"https:\/\/www.galerie-scrapbooking.com\/en\/produit\/spellbinders-platinum-2-plaques-de-coupe-etendues\/","title":{"rendered":"Spellbinders Platinum 2 plaques de coupe \u00e9tendues"},"content":{"rendered":"<h1>Spellbinders Platinum 2 plaques de coupe \u00e9tendues<\/h1>\n<p>Les plaques de coupe \u00e9tendues (C) sont livr\u00e9es dans un ensemble de deux plaques.<\/p>\n<p>Elles sont con\u00e7ues pour \u00eatre utilis\u00e9es avec les machines de d\u00e9coupe Spellbinders\u00ae Platinum\u2122\u00ae et Platinum 6\u2122\u00ae. Les plaques peuvent \u00eatre utilis\u00e9es pour d\u00e9couper des matrices de d\u00e9coupe en m\u00e9tal fin et des dossiers de gaufrage.<\/p>\n<p>Les plaques transparentes permettent un placement facile du mat\u00e9riau et ses bords biseaut\u00e9s permettent une meilleure adh\u00e9rence pour passer \u00e0 travers la machine. Les plaques de d\u00e9coupe sont fabriqu\u00e9es en polycarbonate de haute qualit\u00e9.<\/p>\n<p>Taille approximative : plaques de coupe C (2 pi\u00e8ces) : 9,625 x 6,0625 pouces.<\/p>\n","protected":false},"excerpt":{"rendered":"<p>Spellbinders Cutting Plates Extended 2\/Pkg<\/p>\n","protected":false},"featured_media":34407,"template":"","meta":{"_acf_changed":false},"product_brand":[],"product_cat":[262,198,316,86],"product_tag":[],"class_list":{"0":"post-12292","1":"product","2":"type-product","3":"status-publish","4":"has-post-thumbnail","6":"product_cat-machine-decoupes","7":"product_cat-grand-calibur-spellbinders","8":"product_cat-outil-platinum","9":"product_cat-spellbinders","10":"pa_brand_nc-spellbinders","12":"first","13":"instock","14":"taxable","15":"shipping-taxable","16":"purchasable","17":"product-type-simple"},"acf":[],"aioseo_notices":[],"_links":{"self":[{"href":"https:\/\/www.galerie-scrapbooking.com\/en\/wp-json\/wp\/v2\/product\/12292","targetHints":{"allow":["GET"]}}],"collection":[{"href":"https:\/\/www.galerie-scrapbooking.com\/en\/wp-json\/wp\/v2\/product"}],"about":[{"href":"https:\/\/www.galerie-scrapbooking.com\/en\/wp-json\/wp\/v2\/types\/product"}],"wp:featuredmedia":[{"embeddable":true,"href":"https:\/\/www.galerie-scrapbooking.com\/en\/wp-json\/wp\/v2\/media\/34407"}],"wp:attachment":[{"href":"https:\/\/www.galerie-scrapbooking.com\/en\/wp-json\/wp\/v2\/media?parent=12292"}],"wp:term":[{"taxonomy":"product_brand","embeddable":true,"href":"https:\/\/www.galerie-scrapbooking.com\/en\/wp-json\/wp\/v2\/product_brand?post=12292"},{"taxonomy":"product_cat","embeddable":true,"href":"https:\/\/www.galerie-scrapbooking.com\/en\/wp-json\/wp\/v2\/product_cat?post=12292"},{"taxonomy":"product_tag","embeddable":true,"href":"https:\/\/www.galerie-scrapbooking.com\/en\/wp-json\/wp\/v2\/product_tag?post=12292"}],"curies":[{"name":"wp","href":"https:\/\/api.w.org\/{rel}","templated":true}]}}