{"id":12277,"date":"2023-10-11T18:17:25","date_gmt":"2023-10-11T18:17:25","guid":{"rendered":"https:\/\/commparlimage.ca\/garage\/herazz\/?product=stamperia-papier-de-riz-chants-de-la-mer"},"modified":"2026-01-03T15:32:43","modified_gmt":"2026-01-03T20:32:43","slug":"stamperia-papier-de-riz-chants-de-la-mer","status":"publish","type":"product","link":"https:\/\/www.galerie-scrapbooking.com\/en\/produit\/stamperia-papier-de-riz-chants-de-la-mer\/","title":{"rendered":"Stamperia Papier de Riz Chants de la mer"},"content":{"rendered":"<p>Les papiers de riz sont tr\u00e8s fins et peuvent \u00eatre utilis\u00e9s pour l&#8217;emballage, le d\u00e9coupage, la peinture, le moulage et sont parfaits pour les projets de supports mixtes et autres travaux manuels en papier.<\/p>\n<p>Coupez ou d\u00e9chirez le papier ou mouillez-le d&#8217;abord pour un bord d\u00e9chir\u00e9 en plumes. Appliquez une colle \u00e0 base d&#8217;eau au dos de votre papier et placez-la sur la surface de votre choix, utilisez un outil doux ou le bout de vos doigts pour lisser, en \u00e9talant du centre en \u00e9liminant toutes les imperfections au fur et \u00e0 mesure.<\/p>\n<p>Une fois sec, vous pouvez ajouter des encres, des peintures, des vernis et des paillettes<\/p>\n<p>Dimensions approximatives :<\/p>\n<p>8.25 x 11.75 pouces<\/p>\n","protected":false},"excerpt":{"rendered":"<p>Stamperia Rice Paper &#8211; Songs Of The Sea<\/p>\n","protected":false},"featured_media":12278,"template":"","meta":{"_acf_changed":false},"product_brand":[],"product_cat":[319,352],"product_tag":[],"class_list":{"0":"post-12277","1":"product","2":"type-product","3":"status-publish","4":"has-post-thumbnail","6":"product_cat-papier-de-riz","7":"product_cat-papier-de-riz-stamperia","8":"pa_brand_nc-stamperia","10":"first","11":"instock","12":"taxable","13":"shipping-taxable","14":"purchasable","15":"product-type-simple"},"acf":[],"aioseo_notices":[],"_links":{"self":[{"href":"https:\/\/www.galerie-scrapbooking.com\/en\/wp-json\/wp\/v2\/product\/12277","targetHints":{"allow":["GET"]}}],"collection":[{"href":"https:\/\/www.galerie-scrapbooking.com\/en\/wp-json\/wp\/v2\/product"}],"about":[{"href":"https:\/\/www.galerie-scrapbooking.com\/en\/wp-json\/wp\/v2\/types\/product"}],"wp:featuredmedia":[{"embeddable":true,"href":"https:\/\/www.galerie-scrapbooking.com\/en\/wp-json\/wp\/v2\/media\/12278"}],"wp:attachment":[{"href":"https:\/\/www.galerie-scrapbooking.com\/en\/wp-json\/wp\/v2\/media?parent=12277"}],"wp:term":[{"taxonomy":"product_brand","embeddable":true,"href":"https:\/\/www.galerie-scrapbooking.com\/en\/wp-json\/wp\/v2\/product_brand?post=12277"},{"taxonomy":"product_cat","embeddable":true,"href":"https:\/\/www.galerie-scrapbooking.com\/en\/wp-json\/wp\/v2\/product_cat?post=12277"},{"taxonomy":"product_tag","embeddable":true,"href":"https:\/\/www.galerie-scrapbooking.com\/en\/wp-json\/wp\/v2\/product_tag?post=12277"}],"curies":[{"name":"wp","href":"https:\/\/api.w.org\/{rel}","templated":true}]}}