{"id":12224,"date":"2023-09-13T18:13:26","date_gmt":"2023-09-13T18:13:26","guid":{"rendered":"https:\/\/commparlimage.ca\/garage\/herazz\/?product=violet-studio-ensemble-6-x-6-metalliques"},"modified":"2025-07-09T14:57:23","modified_gmt":"2025-07-09T18:57:23","slug":"violet-studio-ensemble-6-x-6-metalliques","status":"publish","type":"product","link":"https:\/\/www.galerie-scrapbooking.com\/en\/produit\/violet-studio-ensemble-6-x-6-metalliques\/","title":{"rendered":"Violet Studio Ensemble 6&#8243; x 6&#8243; M\u00e9talliques"},"content":{"rendered":"<h1>Violet Studio Ensemble 6&#8243; x 6&#8243; M\u00e9talliques<\/h1>\n<p>Avec son style contemporain et ses accents dor\u00e9s embl\u00e9matiques, ce lancement couvre une gamme de travaux manuels, d&#8217;embellissements et de blocs de papier.<\/p>\n<p>Parfait pour les artisans d\u00e9butants et pour ajouter une touche de sophistication \u00e0 votre r\u00e9serve d&#8217;artisanat.<\/p>\n<p>Ce paquet contient un bloc de papier de 6 x 6 pouces avec 18 feuilles de 6 belles couleurs m\u00e9talliques.<\/p>\n","protected":false},"excerpt":{"rendered":"<p>Violet Studio Double-Sided Paper Pad 6&#8243;X6&#8243; &#8211; Metallics<\/p>\n","protected":false},"featured_media":12225,"template":"","meta":{"_acf_changed":false},"product_brand":[],"product_cat":[187],"product_tag":[],"class_list":{"0":"post-12224","1":"product","2":"type-product","3":"status-publish","4":"has-post-thumbnail","6":"product_cat-papiers-scrapbooking-6x6","7":"pa_brand_nc-autres","9":"first","10":"instock","11":"taxable","12":"shipping-taxable","13":"purchasable","14":"product-type-simple"},"acf":[],"aioseo_notices":[],"_links":{"self":[{"href":"https:\/\/www.galerie-scrapbooking.com\/en\/wp-json\/wp\/v2\/product\/12224","targetHints":{"allow":["GET"]}}],"collection":[{"href":"https:\/\/www.galerie-scrapbooking.com\/en\/wp-json\/wp\/v2\/product"}],"about":[{"href":"https:\/\/www.galerie-scrapbooking.com\/en\/wp-json\/wp\/v2\/types\/product"}],"wp:featuredmedia":[{"embeddable":true,"href":"https:\/\/www.galerie-scrapbooking.com\/en\/wp-json\/wp\/v2\/media\/12225"}],"wp:attachment":[{"href":"https:\/\/www.galerie-scrapbooking.com\/en\/wp-json\/wp\/v2\/media?parent=12224"}],"wp:term":[{"taxonomy":"product_brand","embeddable":true,"href":"https:\/\/www.galerie-scrapbooking.com\/en\/wp-json\/wp\/v2\/product_brand?post=12224"},{"taxonomy":"product_cat","embeddable":true,"href":"https:\/\/www.galerie-scrapbooking.com\/en\/wp-json\/wp\/v2\/product_cat?post=12224"},{"taxonomy":"product_tag","embeddable":true,"href":"https:\/\/www.galerie-scrapbooking.com\/en\/wp-json\/wp\/v2\/product_tag?post=12224"}],"curies":[{"name":"wp","href":"https:\/\/api.w.org\/{rel}","templated":true}]}}