{"id":12214,"date":"2023-09-13T17:46:19","date_gmt":"2023-09-13T17:46:19","guid":{"rendered":"https:\/\/commparlimage.ca\/garage\/herazz\/?product=sizzix-die-thinlits-traineau-du-pere-noel"},"modified":"2026-03-03T09:39:48","modified_gmt":"2026-03-03T14:39:48","slug":"sizzix-die-thinlits-traineau-du-pere-noel","status":"publish","type":"product","link":"https:\/\/www.galerie-scrapbooking.com\/en\/produit\/sizzix-die-thinlits-traineau-du-pere-noel\/","title":{"rendered":"Sizzix Die Thinlits Tra\u00eeneau du P\u00e8re No\u00ebl"},"content":{"rendered":"<p>Le tra&icirc;neau &agrave; rennes de Tim Holtz&reg; est un classique de No&euml;l, qui ajoutera &agrave; coup s&ucirc;r une ambiance festive &agrave; toutes vos cr&eacute;ations en papier cette saison.<\/p>\n<p>Compl&eacute;t&eacute;e par un design de toit en couches, cette belle silhouette du P&egrave;re No&euml;l sur son tra&icirc;neau associ&eacute;e &agrave; ses compagnons rennes remplira certainement vos cr&eacute;ations de magie festive.<\/p>\n<p>8 d&eacute;coupes par paquet.<\/p>\n<p>Dimensions approximatives:<\/p>\n<p>4 1\/4&#8243; x 1 7\/8&#8243;<\/p>\n","protected":false},"excerpt":{"rendered":"<p>Thinlits Die Set 8PK &#8211; Reindeer Sleigh by Tim Holtz<\/p>\n","protected":false},"featured_media":12215,"template":"","meta":{"_acf_changed":false},"product_brand":[],"product_cat":[87,255],"product_tag":[],"class_list":{"0":"post-12214","1":"product","2":"type-product","3":"status-publish","4":"has-post-thumbnail","6":"product_cat-sizzix","7":"product_cat-matrices-thinlits-framelits-sizzix","8":"pa_brand_nc-sizzix","10":"first","11":"instock","12":"taxable","13":"shipping-taxable","14":"purchasable","15":"product-type-simple"},"acf":[],"aioseo_notices":[],"_links":{"self":[{"href":"https:\/\/www.galerie-scrapbooking.com\/en\/wp-json\/wp\/v2\/product\/12214","targetHints":{"allow":["GET"]}}],"collection":[{"href":"https:\/\/www.galerie-scrapbooking.com\/en\/wp-json\/wp\/v2\/product"}],"about":[{"href":"https:\/\/www.galerie-scrapbooking.com\/en\/wp-json\/wp\/v2\/types\/product"}],"wp:featuredmedia":[{"embeddable":true,"href":"https:\/\/www.galerie-scrapbooking.com\/en\/wp-json\/wp\/v2\/media\/12215"}],"wp:attachment":[{"href":"https:\/\/www.galerie-scrapbooking.com\/en\/wp-json\/wp\/v2\/media?parent=12214"}],"wp:term":[{"taxonomy":"product_brand","embeddable":true,"href":"https:\/\/www.galerie-scrapbooking.com\/en\/wp-json\/wp\/v2\/product_brand?post=12214"},{"taxonomy":"product_cat","embeddable":true,"href":"https:\/\/www.galerie-scrapbooking.com\/en\/wp-json\/wp\/v2\/product_cat?post=12214"},{"taxonomy":"product_tag","embeddable":true,"href":"https:\/\/www.galerie-scrapbooking.com\/en\/wp-json\/wp\/v2\/product_tag?post=12214"}],"curies":[{"name":"wp","href":"https:\/\/api.w.org\/{rel}","templated":true}]}}