{"id":12211,"date":"2023-09-13T17:40:56","date_gmt":"2023-09-13T17:40:56","guid":{"rendered":"https:\/\/commparlimage.ca\/garage\/herazz\/?product=sizzix-die-thinlits-forets"},"modified":"2024-05-27T14:19:19","modified_gmt":"2024-05-27T18:19:19","slug":"sizzix-die-thinlits-forets","status":"publish","type":"product","link":"https:\/\/www.galerie-scrapbooking.com\/en\/produit\/sizzix-die-thinlits-forets\/","title":{"rendered":"Sizzix Die Thinlits For\u00eats"},"content":{"rendered":"<p>Cr\u00e9ez le paysage pittoresque parfait avec cet ensemble de Tim Holtz\u00ae !<\/p>\n<p>Cet ensemble a \u00e9t\u00e9 con\u00e7u pour se superposer afin que vous puissiez ajouter facilement une belle d\u00e9finition, profondeur et dimension \u00e0 vos projets. Complet avec un ciel \u00e9toil\u00e9, cet ensemble emm\u00e8ne votre sc\u00e8ne du jour \u00e0 la nuit.<\/p>\n<p>3 d\u00e9coupes par paquet.<\/p>\n<p>Dimensions approximatives:<\/p>\n<p>4 1\/4&#8243; x 5&#8243;<\/p>\n","protected":false},"excerpt":{"rendered":"<p>Thinlits Die Set 3PK &#8211; Forest Shadows by Tim Holtz<\/p>\n","protected":false},"featured_media":12212,"template":"","meta":{"_acf_changed":false},"product_brand":[],"product_cat":[87,255],"product_tag":[],"class_list":{"0":"post-12211","1":"product","2":"type-product","3":"status-publish","4":"has-post-thumbnail","6":"product_cat-sizzix","7":"product_cat-matrices-thinlits-framelits-sizzix","8":"pa_brand_nc-sizzix","10":"first","11":"instock","12":"taxable","13":"shipping-taxable","14":"purchasable","15":"product-type-simple"},"acf":[],"aioseo_notices":[],"_links":{"self":[{"href":"https:\/\/www.galerie-scrapbooking.com\/en\/wp-json\/wp\/v2\/product\/12211","targetHints":{"allow":["GET"]}}],"collection":[{"href":"https:\/\/www.galerie-scrapbooking.com\/en\/wp-json\/wp\/v2\/product"}],"about":[{"href":"https:\/\/www.galerie-scrapbooking.com\/en\/wp-json\/wp\/v2\/types\/product"}],"wp:featuredmedia":[{"embeddable":true,"href":"https:\/\/www.galerie-scrapbooking.com\/en\/wp-json\/wp\/v2\/media\/12212"}],"wp:attachment":[{"href":"https:\/\/www.galerie-scrapbooking.com\/en\/wp-json\/wp\/v2\/media?parent=12211"}],"wp:term":[{"taxonomy":"product_brand","embeddable":true,"href":"https:\/\/www.galerie-scrapbooking.com\/en\/wp-json\/wp\/v2\/product_brand?post=12211"},{"taxonomy":"product_cat","embeddable":true,"href":"https:\/\/www.galerie-scrapbooking.com\/en\/wp-json\/wp\/v2\/product_cat?post=12211"},{"taxonomy":"product_tag","embeddable":true,"href":"https:\/\/www.galerie-scrapbooking.com\/en\/wp-json\/wp\/v2\/product_tag?post=12211"}],"curies":[{"name":"wp","href":"https:\/\/api.w.org\/{rel}","templated":true}]}}