{"id":12206,"date":"2023-09-13T17:32:27","date_gmt":"2023-09-13T17:32:27","guid":{"rendered":"https:\/\/commparlimage.ca\/garage\/herazz\/?product=sizzix-die-thinlits-sapin-de-noel"},"modified":"2024-05-27T14:19:32","modified_gmt":"2024-05-27T18:19:32","slug":"sizzix-die-thinlits-sapin-de-noel-1","status":"publish","type":"product","link":"https:\/\/www.galerie-scrapbooking.com\/en\/produit\/sizzix-die-thinlits-sapin-de-noel-1\/","title":{"rendered":"Sizzix Die Thinlits Sapin de No\u00ebl #2"},"content":{"rendered":"<p>Entrez dans l&#8217;esprit de No\u00ebl avec cette \u00e9l\u00e9gante cr\u00e9ation de Tim Holtz\u00ae est le design incontournable pour lancer la saison des f\u00eates et est parfait pour les cartes de v\u0153ux, les invitations, les mises en page et plus encore.<\/p>\n<p>Complet avec des boules et une \u00e9toile que vous pouvez personnaliser en utilisant votre palette de couleurs saisonni\u00e8res pr\u00e9f\u00e9r\u00e9e, et laissez vraiment briller votre cr\u00e9ativit\u00e9.<\/p>\n<p>14 d\u00e9coupes par paquet.<\/p>\n","protected":false},"excerpt":{"rendered":"<p>Thinlits Die Set 14PK &#8211; Trim a Tree, Colorize by Tim Holtz<\/p>\n","protected":false},"featured_media":12207,"template":"","meta":{"_acf_changed":false},"product_brand":[],"product_cat":[87,255],"product_tag":[],"class_list":{"0":"post-12206","1":"product","2":"type-product","3":"status-publish","4":"has-post-thumbnail","6":"product_cat-sizzix","7":"product_cat-matrices-thinlits-framelits-sizzix","8":"pa_brand_nc-sizzix","10":"first","11":"instock","12":"taxable","13":"shipping-taxable","14":"purchasable","15":"product-type-simple"},"acf":[],"aioseo_notices":[],"_links":{"self":[{"href":"https:\/\/www.galerie-scrapbooking.com\/en\/wp-json\/wp\/v2\/product\/12206","targetHints":{"allow":["GET"]}}],"collection":[{"href":"https:\/\/www.galerie-scrapbooking.com\/en\/wp-json\/wp\/v2\/product"}],"about":[{"href":"https:\/\/www.galerie-scrapbooking.com\/en\/wp-json\/wp\/v2\/types\/product"}],"wp:featuredmedia":[{"embeddable":true,"href":"https:\/\/www.galerie-scrapbooking.com\/en\/wp-json\/wp\/v2\/media\/12207"}],"wp:attachment":[{"href":"https:\/\/www.galerie-scrapbooking.com\/en\/wp-json\/wp\/v2\/media?parent=12206"}],"wp:term":[{"taxonomy":"product_brand","embeddable":true,"href":"https:\/\/www.galerie-scrapbooking.com\/en\/wp-json\/wp\/v2\/product_brand?post=12206"},{"taxonomy":"product_cat","embeddable":true,"href":"https:\/\/www.galerie-scrapbooking.com\/en\/wp-json\/wp\/v2\/product_cat?post=12206"},{"taxonomy":"product_tag","embeddable":true,"href":"https:\/\/www.galerie-scrapbooking.com\/en\/wp-json\/wp\/v2\/product_tag?post=12206"}],"curies":[{"name":"wp","href":"https:\/\/api.w.org\/{rel}","templated":true}]}}