{"id":12115,"date":"2023-08-29T14:40:50","date_gmt":"2023-08-29T14:40:50","guid":{"rendered":"https:\/\/commparlimage.ca\/garage\/herazz\/?product=peel-off-romantique-bronze"},"modified":"2025-03-17T16:01:35","modified_gmt":"2025-03-17T20:01:35","slug":"peel-off-romantique-bronze","status":"publish","type":"product","link":"https:\/\/www.galerie-scrapbooking.com\/en\/produit\/peel-off-romantique-bronze\/","title":{"rendered":"Peel Off Romantique Bronze"},"content":{"rendered":"<h1>Peel Off Romantique Bronze<\/h1>\n<p>Les Peel Offs motifs, un must en scrapbooking! Ces autocollants m\u00e9talliques compl\u00e8tent magnifiquement vos cr\u00e9ations. Il ne suffit que les d\u00e9coller et les recoller o\u00f9 vous le d\u00e9sirez. La pince Tweezer bee et un outil tr\u00e8s pratique et utile pour d\u00e9coller nos Peel Offs.<\/p>\n<p>Dimensions: 10 X 23 cm. sans acide<\/p>\n","protected":false},"excerpt":{"rendered":"<p>Peel Off Motifs<\/p>\n","protected":false},"featured_media":12116,"template":"","meta":{"_acf_changed":false},"product_brand":[],"product_cat":[161],"product_tag":[],"class_list":{"0":"post-12115","1":"product","2":"type-product","3":"status-publish","4":"has-post-thumbnail","6":"product_cat-peel-off-motifs","7":"pa_brand_nc-doodey","9":"first","10":"instock","11":"taxable","12":"shipping-taxable","13":"purchasable","14":"product-type-simple"},"acf":[],"aioseo_notices":[],"_links":{"self":[{"href":"https:\/\/www.galerie-scrapbooking.com\/en\/wp-json\/wp\/v2\/product\/12115","targetHints":{"allow":["GET"]}}],"collection":[{"href":"https:\/\/www.galerie-scrapbooking.com\/en\/wp-json\/wp\/v2\/product"}],"about":[{"href":"https:\/\/www.galerie-scrapbooking.com\/en\/wp-json\/wp\/v2\/types\/product"}],"wp:featuredmedia":[{"embeddable":true,"href":"https:\/\/www.galerie-scrapbooking.com\/en\/wp-json\/wp\/v2\/media\/12116"}],"wp:attachment":[{"href":"https:\/\/www.galerie-scrapbooking.com\/en\/wp-json\/wp\/v2\/media?parent=12115"}],"wp:term":[{"taxonomy":"product_brand","embeddable":true,"href":"https:\/\/www.galerie-scrapbooking.com\/en\/wp-json\/wp\/v2\/product_brand?post=12115"},{"taxonomy":"product_cat","embeddable":true,"href":"https:\/\/www.galerie-scrapbooking.com\/en\/wp-json\/wp\/v2\/product_cat?post=12115"},{"taxonomy":"product_tag","embeddable":true,"href":"https:\/\/www.galerie-scrapbooking.com\/en\/wp-json\/wp\/v2\/product_tag?post=12115"}],"curies":[{"name":"wp","href":"https:\/\/api.w.org\/{rel}","templated":true}]}}