{"id":12096,"date":"2023-08-29T12:37:46","date_gmt":"2023-08-29T12:37:46","guid":{"rendered":"https:\/\/commparlimage.ca\/garage\/herazz\/?product=lavinia-mica-spray-amble-green"},"modified":"2026-04-06T14:01:51","modified_gmt":"2026-04-06T18:01:51","slug":"lavinia-mica-spray-amble-green","status":"publish","type":"product","link":"https:\/\/www.galerie-scrapbooking.com\/en\/produit\/lavinia-mica-spray-amble-green\/","title":{"rendered":"Lavinia Mica Spray Amble Green"},"content":{"rendered":"<h1>Lavinia Mica Spray Amble Green<\/h1>\n<p>Convient \u00e0 un large \u00e9ventail de projets d&#8217;art, d&#8217;artisanat, de d\u00e9coration int\u00e9rieure et de m\u00e9dias mixtes.<\/p>\n<p>Peut \u00eatre utilis\u00e9 sur des surfaces poreuses et non poreuses telles que le papier, le Yupo, le carton, la toile, le bois, la c\u00e9ramique et le m\u00e9tal.<\/p>\n<p>Bien agiter avant chaque utilisation et nettoyer l\u2019embout une fois termin\u00e9, pour \u00e9viter tout colmatage.<\/p>\n<p>Ajoutez simplement 60 ml d\u2019eau (2 onces) bouillie refroidie et secouez pour obtenir un spray mystique nacr\u00e9 chatoyant.<\/p>\n","protected":false},"excerpt":{"rendered":"<p>Lavinia Mysticals Mica-Infused Spray<\/p>\n","protected":false},"featured_media":12097,"template":"","meta":{"_acf_changed":false},"product_brand":[],"product_cat":[124,428],"product_tag":[],"class_list":{"0":"post-12096","1":"product","2":"type-product","3":"status-publish","4":"has-post-thumbnail","6":"product_cat-glitter-scrapbooking","7":"product_cat-lavinia-mica-spray","8":"pa_brand_nc-lavinia","10":"first","11":"instock","12":"taxable","13":"shipping-taxable","14":"purchasable","15":"product-type-simple"},"acf":[],"aioseo_notices":[],"_links":{"self":[{"href":"https:\/\/www.galerie-scrapbooking.com\/en\/wp-json\/wp\/v2\/product\/12096","targetHints":{"allow":["GET"]}}],"collection":[{"href":"https:\/\/www.galerie-scrapbooking.com\/en\/wp-json\/wp\/v2\/product"}],"about":[{"href":"https:\/\/www.galerie-scrapbooking.com\/en\/wp-json\/wp\/v2\/types\/product"}],"wp:featuredmedia":[{"embeddable":true,"href":"https:\/\/www.galerie-scrapbooking.com\/en\/wp-json\/wp\/v2\/media\/12097"}],"wp:attachment":[{"href":"https:\/\/www.galerie-scrapbooking.com\/en\/wp-json\/wp\/v2\/media?parent=12096"}],"wp:term":[{"taxonomy":"product_brand","embeddable":true,"href":"https:\/\/www.galerie-scrapbooking.com\/en\/wp-json\/wp\/v2\/product_brand?post=12096"},{"taxonomy":"product_cat","embeddable":true,"href":"https:\/\/www.galerie-scrapbooking.com\/en\/wp-json\/wp\/v2\/product_cat?post=12096"},{"taxonomy":"product_tag","embeddable":true,"href":"https:\/\/www.galerie-scrapbooking.com\/en\/wp-json\/wp\/v2\/product_tag?post=12096"}],"curies":[{"name":"wp","href":"https:\/\/api.w.org\/{rel}","templated":true}]}}