{"id":12071,"date":"2023-08-22T15:02:00","date_gmt":"2023-08-22T15:02:00","guid":{"rendered":"https:\/\/commparlimage.ca\/garage\/herazz\/?product=spellbinders-shapeabilities-poinsettia-oiseau-de-noel"},"modified":"2024-02-21T07:28:30","modified_gmt":"2024-02-21T12:28:30","slug":"spellbinders-shapeabilities-poinsettia-oiseau-de-noel","status":"publish","type":"product","link":"https:\/\/www.galerie-scrapbooking.com\/en\/produit\/spellbinders-shapeabilities-poinsettia-oiseau-de-noel\/","title":{"rendered":"Spellbinders Shapeabilities Poinsettia Oiseau de No\u00ebl"},"content":{"rendered":"<p>Cet ensemble de 13 matrices de d\u00e9coupe en m\u00e9tal mince cr\u00e9e un oiseau doux perch\u00e9 au sommet d&#8217;un bouquet de poinsettia.<\/p>\n<p>Utilisez-les ensemble ou s\u00e9par\u00e9ment, ils cr\u00e9ent de jolis accents de vacances de No\u00ebl !<\/p>\n<p>Grandeurs approximatives:<\/p>\n<p>Base du corps de l&#8217;oiseau : 1,26 x 1,80 po\/3,20 x 4,60 cm<\/p>\n<p>Couche de corps d&#8217;oiseau : 1,71 x 1,00 po\/4,30 x 2,50 cm<\/p>\n<p>Base d&#8217;aile d&#8217;oiseau : 0,90 x 0,90 po\/2,30 x 2,30 cm<\/p>\n<p>Couche d&#8217;aile d&#8217;oiseau : 1,06 x 0,44 po\/2,70 x 1,10 cm<\/p>\n<p>Jambe (2 pi\u00e8ces) : 0,60 x 0,41 po\/1,50 x 1,00 cm<\/p>\n<p>Bec : 0,14 x 0,18 po\/0,30 x 0,40 cm<\/p>\n<p>Oeil : 0,10 x 0,10 po\/0,30 x 0,30 cm<\/p>\n<p>Base du bonnet de Noel : 0,35 x 0,64 po\/0,90 x 1,60 cm<\/p>\n<p>Bord du chapeau de P\u00e8re No\u00ebl : 0,20 x 0,50 po\/0,60 x 1,40 cm<\/p>\n<p>Pompon du bonnet de Noel : 0,15 x 0,12 po\/0,40 x 0,30 cm<\/p>\n<p>Poinsettia : 2,23 x 2,27 po\/5,70 x 5,80 cm<\/p>\n<p>Base de poinsettia\/baie de houx : 0,40 x 0,42 po\/1,00 x 1,10 cm<\/p>\n<p>Poinsettia\/baie de houx (3 pi\u00e8ces) : 0,23 x 0,23 po\/0,60 x 0,60 cm<\/p>\n<p>Base de la canne en bonbon : 1,05 x 3,25 po\/2,70 x 8,30 cm<\/p>\n<p>Candy Cane Stripe (9 pi\u00e8ces) : 0,32 x 0,53 po\/0,80 x 1,40 cm<\/p>\n<p>Feuille de houx (2 pi\u00e8ces) : 0,85 x 1,38 po\/2,20 x 3,50 cm<\/p>\n<p>Tige \u00e0 deux feuilles : 2,27 x 0,95 po\/5,80 x 2,40 cm<\/p>\n<p>Tige persistante : 0,76 x 3,15 po\/1,90 x 8,00 cm<\/p>\n<p>Tige de baie : 1,08 x 2,09 po\/2,70 x 5,30 cm<\/p>\n<p>&nbsp;<\/p>\n","protected":false},"excerpt":{"rendered":"<p>Spellbinders Etched Dies Christmas Bird Poinsettia<\/p>\n","protected":false},"featured_media":12072,"template":"","meta":{"_acf_changed":false},"product_brand":[],"product_cat":[195],"product_tag":[],"class_list":{"0":"post-12071","1":"product","2":"type-product","3":"status-publish","4":"has-post-thumbnail","6":"product_cat-shapeabilities-spellbinders-scrapbooking","7":"pa_brand_nc-spellbinders","9":"first","10":"instock","11":"taxable","12":"shipping-taxable","13":"purchasable","14":"product-type-simple"},"acf":[],"aioseo_notices":[],"_links":{"self":[{"href":"https:\/\/www.galerie-scrapbooking.com\/en\/wp-json\/wp\/v2\/product\/12071","targetHints":{"allow":["GET"]}}],"collection":[{"href":"https:\/\/www.galerie-scrapbooking.com\/en\/wp-json\/wp\/v2\/product"}],"about":[{"href":"https:\/\/www.galerie-scrapbooking.com\/en\/wp-json\/wp\/v2\/types\/product"}],"wp:featuredmedia":[{"embeddable":true,"href":"https:\/\/www.galerie-scrapbooking.com\/en\/wp-json\/wp\/v2\/media\/12072"}],"wp:attachment":[{"href":"https:\/\/www.galerie-scrapbooking.com\/en\/wp-json\/wp\/v2\/media?parent=12071"}],"wp:term":[{"taxonomy":"product_brand","embeddable":true,"href":"https:\/\/www.galerie-scrapbooking.com\/en\/wp-json\/wp\/v2\/product_brand?post=12071"},{"taxonomy":"product_cat","embeddable":true,"href":"https:\/\/www.galerie-scrapbooking.com\/en\/wp-json\/wp\/v2\/product_cat?post=12071"},{"taxonomy":"product_tag","embeddable":true,"href":"https:\/\/www.galerie-scrapbooking.com\/en\/wp-json\/wp\/v2\/product_tag?post=12071"}],"curies":[{"name":"wp","href":"https:\/\/api.w.org\/{rel}","templated":true}]}}