{"id":12042,"date":"2023-08-22T13:33:53","date_gmt":"2023-08-22T13:33:53","guid":{"rendered":"https:\/\/commparlimage.ca\/garage\/herazz\/?product=creative-expressions-etampe-le-pere-noel-arrive-en-ville"},"modified":"2024-01-09T14:42:05","modified_gmt":"2024-01-09T19:42:05","slug":"creative-expressions-etampe-le-pere-noel-arrive-en-ville","status":"publish","type":"product","link":"https:\/\/www.galerie-scrapbooking.com\/en\/produit\/creative-expressions-etampe-le-pere-noel-arrive-en-ville\/","title":{"rendered":"Creative Expressions \u00c9tampe Le P\u00e8re No\u00ebl arrive en ville"},"content":{"rendered":"<p>Les &eacute;tampes photopolym&egrave;res transparentes de haute qualit&eacute; donnent une excellente image. Ils sont parfaits pour ajouter rapidement des images encr&eacute;es &agrave; n&#8217;importe quel projet.<\/p>\n<p>Il suffit de d&eacute;coller l&#8217;&eacute;tampe de la feuille de support et de le placer sur un bloc acrylique ou une plate-forme d&#8217;estampage.<\/p>\n<p>Utilisez-les sur du tissu, du carton, du papier, du MDF et plus encore ! Ensemble de 11 \u00e9tampes.<\/p>\n<p>Grandeur approximative: 6.0 x 8.0 pouces<\/p>\n","protected":false},"excerpt":{"rendered":"<p>Creative Expressions Clear Stamp 6&#8243;X8&#8243; &#8211; Santa&#8217;s Coming To Town<\/p>\n","protected":false},"featured_media":12043,"template":"","meta":{"_acf_changed":false},"product_brand":[],"product_cat":[121],"product_tag":[],"class_list":{"0":"post-12042","1":"product","2":"type-product","3":"status-publish","4":"has-post-thumbnail","6":"product_cat-etampe-scrapbooking-autre","7":"pa_brand_nc-creative-expressions","9":"first","10":"instock","11":"taxable","12":"shipping-taxable","13":"purchasable","14":"product-type-simple"},"acf":[],"aioseo_notices":[],"_links":{"self":[{"href":"https:\/\/www.galerie-scrapbooking.com\/en\/wp-json\/wp\/v2\/product\/12042","targetHints":{"allow":["GET"]}}],"collection":[{"href":"https:\/\/www.galerie-scrapbooking.com\/en\/wp-json\/wp\/v2\/product"}],"about":[{"href":"https:\/\/www.galerie-scrapbooking.com\/en\/wp-json\/wp\/v2\/types\/product"}],"wp:featuredmedia":[{"embeddable":true,"href":"https:\/\/www.galerie-scrapbooking.com\/en\/wp-json\/wp\/v2\/media\/12043"}],"wp:attachment":[{"href":"https:\/\/www.galerie-scrapbooking.com\/en\/wp-json\/wp\/v2\/media?parent=12042"}],"wp:term":[{"taxonomy":"product_brand","embeddable":true,"href":"https:\/\/www.galerie-scrapbooking.com\/en\/wp-json\/wp\/v2\/product_brand?post=12042"},{"taxonomy":"product_cat","embeddable":true,"href":"https:\/\/www.galerie-scrapbooking.com\/en\/wp-json\/wp\/v2\/product_cat?post=12042"},{"taxonomy":"product_tag","embeddable":true,"href":"https:\/\/www.galerie-scrapbooking.com\/en\/wp-json\/wp\/v2\/product_tag?post=12042"}],"curies":[{"name":"wp","href":"https:\/\/api.w.org\/{rel}","templated":true}]}}