{"id":12040,"date":"2023-08-22T13:28:36","date_gmt":"2023-08-22T13:28:36","guid":{"rendered":"https:\/\/commparlimage.ca\/garage\/herazz\/?product=herazz-etampes-bonne-annee-jour-de-lan"},"modified":"2025-12-26T12:36:40","modified_gmt":"2025-12-26T17:36:40","slug":"herazz-etampes-bonne-annee-jour-de-l-an","status":"publish","type":"product","link":"https:\/\/www.galerie-scrapbooking.com\/en\/produit\/herazz-etampes-bonne-annee-jour-de-l-an\/","title":{"rendered":"Herazz \u00c9tampes Bonne Ann\u00e9e &#8211; Jour de l&#8217;An"},"content":{"rendered":"<h1>&Eacute;tampes en fran&ccedil;ais Herazz &#8211; Bonne Ann&eacute;e &#8211; Jour de l&#8217;An<\/h1>\n<p>Nouvelle feuille d&#8217;&eacute;tampes en fran&ccedil;ais&nbsp; &#8220;Bonne Ann&eacute;e &#8211; Jour de l&#8217;An&#8221; de la compagnie<strong> Herazz<\/strong>.<\/p>\n<p>Id&eacute;ales pour vos cartes de souhaits, &eacute;tiquettes, albums et pages de scrapbooking.<\/p>\n<p>&Eacute;tampes de qualit&eacute; en polym&egrave;re, n&eacute;cessite l&#8217;utilisation d&#8217;un bloc acrylique ou outil pour estampiage (exemple Outil Sizzix, Buddy Pro, MISTI, etc.).<\/p>\n<p>Comprend 11 &eacute;tampes individuelles.<\/p>\n<p>Dimension approximative: 4.0 x 6.0 pouces.<\/p>\n","protected":false},"excerpt":{"rendered":"<p>Herazz \u00c9tampes polym\u00e8re en fran\u00e7ais<\/p>\n","protected":false},"featured_media":12041,"template":"","meta":{"_acf_changed":false},"product_brand":[],"product_cat":[419],"product_tag":[],"class_list":{"0":"post-12040","1":"product","2":"type-product","3":"status-publish","4":"has-post-thumbnail","6":"product_cat-herazz-etampe-scrapbooking","7":"pa_brand_nc-herazz","9":"first","10":"instock","11":"taxable","12":"shipping-taxable","13":"purchasable","14":"product-type-simple"},"acf":[],"aioseo_notices":[],"_links":{"self":[{"href":"https:\/\/www.galerie-scrapbooking.com\/en\/wp-json\/wp\/v2\/product\/12040","targetHints":{"allow":["GET"]}}],"collection":[{"href":"https:\/\/www.galerie-scrapbooking.com\/en\/wp-json\/wp\/v2\/product"}],"about":[{"href":"https:\/\/www.galerie-scrapbooking.com\/en\/wp-json\/wp\/v2\/types\/product"}],"wp:featuredmedia":[{"embeddable":true,"href":"https:\/\/www.galerie-scrapbooking.com\/en\/wp-json\/wp\/v2\/media\/12041"}],"wp:attachment":[{"href":"https:\/\/www.galerie-scrapbooking.com\/en\/wp-json\/wp\/v2\/media?parent=12040"}],"wp:term":[{"taxonomy":"product_brand","embeddable":true,"href":"https:\/\/www.galerie-scrapbooking.com\/en\/wp-json\/wp\/v2\/product_brand?post=12040"},{"taxonomy":"product_cat","embeddable":true,"href":"https:\/\/www.galerie-scrapbooking.com\/en\/wp-json\/wp\/v2\/product_cat?post=12040"},{"taxonomy":"product_tag","embeddable":true,"href":"https:\/\/www.galerie-scrapbooking.com\/en\/wp-json\/wp\/v2\/product_tag?post=12040"}],"curies":[{"name":"wp","href":"https:\/\/api.w.org\/{rel}","templated":true}]}}