{"id":11827,"date":"2023-05-30T17:43:22","date_gmt":"2023-05-30T17:43:22","guid":{"rendered":"https:\/\/commparlimage.ca\/garage\/herazz\/?product=jeanines-art-die-cadre-cabane-doiseau"},"modified":"2025-01-05T11:12:21","modified_gmt":"2025-01-05T16:12:21","slug":"jeanine-s-art-die-cadre-cabane-d-oiseau","status":"publish","type":"product","link":"https:\/\/www.galerie-scrapbooking.com\/en\/produit\/jeanine-s-art-die-cadre-cabane-d-oiseau\/","title":{"rendered":"Jeanine&#8217;s Art die Cadre cabane d&#8217;oiseau"},"content":{"rendered":"<p>Jeanine&#8217;s Art\u00a0dies, matrice de d\u00e9coupe . Facile \u00e0 utiliser avec Bigshot, Grand calibur, Platinum ou autres machines du m\u00eame genre.<\/p>\n<p>Ensemble de 2 matrices.<\/p>\n<p>Dimensions approximatives:<\/p>\n<p>13.0x 13.0 cm.<\/p>\n","protected":false},"excerpt":{"rendered":"<p>Dies &#8211; Jeanine&#8217;s Art &#8211; Heartfelt Condolences &#8211; Birdhouse Frame<\/p>\n","protected":false},"featured_media":34416,"template":"","meta":{"_acf_changed":false},"product_brand":[],"product_cat":[304],"product_tag":[],"class_list":{"0":"post-11827","1":"product","2":"type-product","3":"status-publish","4":"has-post-thumbnail","6":"product_cat-jeanines-art-die","7":"pa_brand_nc-jeanines-art","9":"first","10":"instock","11":"taxable","12":"shipping-taxable","13":"purchasable","14":"product-type-simple"},"acf":[],"aioseo_notices":[],"_links":{"self":[{"href":"https:\/\/www.galerie-scrapbooking.com\/en\/wp-json\/wp\/v2\/product\/11827","targetHints":{"allow":["GET"]}}],"collection":[{"href":"https:\/\/www.galerie-scrapbooking.com\/en\/wp-json\/wp\/v2\/product"}],"about":[{"href":"https:\/\/www.galerie-scrapbooking.com\/en\/wp-json\/wp\/v2\/types\/product"}],"wp:featuredmedia":[{"embeddable":true,"href":"https:\/\/www.galerie-scrapbooking.com\/en\/wp-json\/wp\/v2\/media\/34416"}],"wp:attachment":[{"href":"https:\/\/www.galerie-scrapbooking.com\/en\/wp-json\/wp\/v2\/media?parent=11827"}],"wp:term":[{"taxonomy":"product_brand","embeddable":true,"href":"https:\/\/www.galerie-scrapbooking.com\/en\/wp-json\/wp\/v2\/product_brand?post=11827"},{"taxonomy":"product_cat","embeddable":true,"href":"https:\/\/www.galerie-scrapbooking.com\/en\/wp-json\/wp\/v2\/product_cat?post=11827"},{"taxonomy":"product_tag","embeddable":true,"href":"https:\/\/www.galerie-scrapbooking.com\/en\/wp-json\/wp\/v2\/product_tag?post=11827"}],"curies":[{"name":"wp","href":"https:\/\/api.w.org\/{rel}","templated":true}]}}